{"id":5660,"date":"2024-02-15T17:25:32","date_gmt":"2024-02-15T16:25:32","guid":{"rendered":"https:\/\/innowatt22.com\/?page_id=5660"},"modified":"2024-09-02T07:09:57","modified_gmt":"2024-09-02T06:09:57","slug":"elementor-5660","status":"publish","type":"page","link":"https:\/\/innowatt22.com\/sr\/elementor-5660\/","title":{"rendered":"\u00c1raink"},"content":{"rendered":"<div data-elementor-type=\"wp-post\" data-elementor-id=\"5660\" class=\"elementor elementor-5660\" data-elementor-post-type=\"page\">\n\t\t\t\t<div class=\"elementor-element elementor-element-fc09cb6 e-flex e-con-boxed e-con e-parent\" data-id=\"fc09cb6\" data-element_type=\"container\">\n\t\t\t\t\t<div class=\"e-con-inner\">\n\t\t\t\t<div class=\"elementor-element elementor-element-f3e41a5 elementor--h-position-center elementor--v-position-middle elementor-arrows-position-inside elementor-pagination-position-inside elementor-widget elementor-widget-slides\" data-id=\"f3e41a5\" data-element_type=\"widget\" data-settings=\"{&quot;transition&quot;:&quot;fade&quot;,&quot;navigation&quot;:&quot;both&quot;,&quot;autoplay&quot;:&quot;yes&quot;,&quot;pause_on_hover&quot;:&quot;yes&quot;,&quot;autoplay_speed&quot;:5000,&quot;infinite&quot;:&quot;yes&quot;,&quot;transition_speed&quot;:500}\" data-widget_type=\"slides.default\">\n\t\t\t\t<div class=\"elementor-widget-container\">\n\t\t\t\t\t\t\t\t\t<div class=\"elementor-swiper\">\n\t\t\t\t\t<div class=\"elementor-slides-wrapper elementor-main-swiper swiper\" role=\"region\" aria-roledescription=\"carousel\" aria-label=\"Slides\" dir=\"ltr\" data-animation=\"fadeInUp\">\n\t\t\t\t<div class=\"swiper-wrapper elementor-slides\">\n\t\t\t\t\t\t\t\t\t\t<div class=\"elementor-repeater-item-772ff59 swiper-slide\" role=\"group\" aria-roledescription=\"slide\"><div class=\"swiper-slide-bg elementor-ken-burns elementor-ken-burns--in\" role=\"img\"><\/div><div class=\"elementor-background-overlay\"><\/div><a class=\"swiper-slide-inner\" href=\"https:\/\/innowatt22.com\/sr\/ajanlat\/\"><div class=\"swiper-slide-contents\"><div class=\"elementor-slide-heading\">4 KW F\u0170T\u0150MODUL<\/div><div class=\"elementor-slide-description\">360.000 Ft<\/div><div  class=\"elementor-button elementor-slide-button elementor-size-sm\">Kattints ide<\/div><\/div><\/a><\/div><div class=\"elementor-repeater-item-2615254 swiper-slide\" role=\"group\" aria-roledescription=\"slide\"><div class=\"swiper-slide-bg elementor-ken-burns elementor-ken-burns--in\" role=\"img\"><\/div><div class=\"elementor-background-overlay\"><\/div><a class=\"swiper-slide-inner\" href=\"https:\/\/innowatt22.com\/sr\/ajanlat\/\"><div class=\"swiper-slide-contents\"><div class=\"elementor-slide-heading\">6 KW F\u0170T\u0150MODUL<\/div><div class=\"elementor-slide-description\">420.000 Ft\n<\/div><div  class=\"elementor-button elementor-slide-button elementor-size-sm\">Kattints ide<\/div><\/div><\/a><\/div><div class=\"elementor-repeater-item-bcafb3d swiper-slide\" role=\"group\" aria-roledescription=\"slide\"><div class=\"swiper-slide-bg elementor-ken-burns elementor-ken-burns--in\" role=\"img\"><\/div><div class=\"elementor-background-overlay\"><\/div><a class=\"swiper-slide-inner\" href=\"https:\/\/innowatt22.com\/sr\/ajanlat\/\"><div class=\"swiper-slide-contents\"><div class=\"elementor-slide-heading\">8 KW F\u0170T\u0150MODUL<\/div><div class=\"elementor-slide-description\">480.000 Ft<\/div><div  class=\"elementor-button elementor-slide-button elementor-size-sm\">Kattints ide<\/div><\/div><\/a><\/div><div class=\"elementor-repeater-item-d46b62d swiper-slide\" role=\"group\" aria-roledescription=\"slide\"><div class=\"swiper-slide-bg elementor-ken-burns elementor-ken-burns--in\" role=\"img\"><\/div><div class=\"elementor-background-overlay\"><\/div><a class=\"swiper-slide-inner\" href=\"https:\/\/innowatt22.com\/sr\/ajanlat\/\"><div class=\"swiper-slide-contents\"><div class=\"elementor-slide-heading\">12 KW F\u0171t\u0151modul<\/div><div class=\"elementor-slide-description\">520.000 Ft<\/div><div  class=\"elementor-button elementor-slide-button elementor-size-sm\">Kattints ide<\/div><\/div><\/a><\/div>\t\t\t\t<\/div>\n\t\t\t\t\t\t\t\t\t\t\t\t\t\t\t<div class=\"elementor-swiper-button elementor-swiper-button-prev\" role=\"button\" tabindex=\"0\" aria-label=\"Previous slide\">\n\t\t\t\t\t\t\t<i aria-hidden=\"true\" class=\"eicon-chevron-left\"><\/i>\t\t\t\t\t\t<\/div>\n\t\t\t\t\t\t<div class=\"elementor-swiper-button elementor-swiper-button-next\" role=\"button\" tabindex=\"0\" aria-label=\"Next slide\">\n\t\t\t\t\t\t\t<i aria-hidden=\"true\" class=\"eicon-chevron-right\"><\/i>\t\t\t\t\t\t<\/div>\n\t\t\t\t\t\t\t\t\t\t\t\t\t\t\t\t<div class=\"swiper-pagination\"><\/div>\n\t\t\t\t\t\t\t\t\t\t\t\t<\/div>\n\t\t\t\t<\/div>\n\t\t\t\t\t\t\t\t<\/div>\n\t\t\t\t<\/div>\n\t\t\t\t\t<\/div>\n\t\t\t\t<\/div>\n\t\t<div class=\"elementor-element elementor-element-eb6f416 e-flex e-con-boxed e-con e-parent\" data-id=\"eb6f416\" data-element_type=\"container\">\n\t\t\t\t\t<div class=\"e-con-inner\">\n\t\t\t\t<div class=\"elementor-element elementor-element-26df5e6 elementor-widget elementor-widget-text-editor\" data-id=\"26df5e6\" data-element_type=\"widget\" data-widget_type=\"text-editor.default\">\n\t\t\t\t<div class=\"elementor-widget-container\">\n\t\t\t\t\t\t\t\t\t<h2 style=\"text-align: center;\"><span style=\"font-family: var( --e-global-typography-text-font-family ), Sans-serif; font-weight: var( --e-global-typography-text-font-weight ); text-align: var(--text-align); font-size: var(--body-font-size);\">Jelen \u00e1raink forintban \u00e9rtend\u0151ek, az \u00e1f\u00e1t nem tartalmazz\u00e1k. Az \u00f6sszeg tartalmazza a f\u0171t\u0151modult, valamint modulonk\u00e9nt egy vez\u00e9rl\u0151egys\u00e9get, \u00edgy nem sz\u00fcks\u00e9ges k\u00fcl\u00f6n megv\u00e1s\u00e1rolni.<\/span><\/h2>\t\t\t\t\t\t\t\t<\/div>\n\t\t\t\t<\/div>\n\t\t\t\t\t<\/div>\n\t\t\t\t<\/div>\n\t\t\t\t<\/div>","protected":false},"excerpt":{"rendered":"<p>4 KW F\u0170T\u0150MODUL360.000 FtKattints ide6 KW F\u0170T\u0150MODUL420.000 Ft Kattints ide8 KW F\u0170T\u0150MODUL480.000 FtKattints ide12 KW F\u0171t\u0151modul520.000 FtKattints ide Previous slide Next slide Jelen \u00e1raink forintban \u00e9rtend\u0151ek, az \u00e1f\u00e1t nem tartalmazz\u00e1k. Az \u00f6sszeg tartalmazza a f\u0171t\u0151modult, valamint modulonk\u00e9nt egy vez\u00e9rl\u0151egys\u00e9get, \u00edgy nem sz\u00fcks\u00e9ges k\u00fcl\u00f6n megv\u00e1s\u00e1rolni.<\/p>","protected":false},"author":1,"featured_media":0,"parent":0,"menu_order":0,"comment_status":"closed","ping_status":"closed","template":"","meta":{"footnotes":""},"class_list":["post-5660","page","type-page","status-publish","hentry","cms-no-post-thumbnail"],"aioseo_notices":[],"_links":{"self":[{"href":"https:\/\/innowatt22.com\/sr\/wp-json\/wp\/v2\/pages\/5660","targetHints":{"allow":["GET"]}}],"collection":[{"href":"https:\/\/innowatt22.com\/sr\/wp-json\/wp\/v2\/pages"}],"about":[{"href":"https:\/\/innowatt22.com\/sr\/wp-json\/wp\/v2\/types\/page"}],"author":[{"embeddable":true,"href":"https:\/\/innowatt22.com\/sr\/wp-json\/wp\/v2\/users\/1"}],"replies":[{"embeddable":true,"href":"https:\/\/innowatt22.com\/sr\/wp-json\/wp\/v2\/comments?post=5660"}],"version-history":[{"count":20,"href":"https:\/\/innowatt22.com\/sr\/wp-json\/wp\/v2\/pages\/5660\/revisions"}],"predecessor-version":[{"id":5770,"href":"https:\/\/innowatt22.com\/sr\/wp-json\/wp\/v2\/pages\/5660\/revisions\/5770"}],"wp:attachment":[{"href":"https:\/\/innowatt22.com\/sr\/wp-json\/wp\/v2\/media?parent=5660"}],"curies":[{"name":"wp","href":"https:\/\/api.w.org\/{rel}","templated":true}]}}