{"id":5675,"date":"2024-02-19T14:54:59","date_gmt":"2024-02-19T13:54:59","guid":{"rendered":"https:\/\/innowatt22.com\/?page_id=5675"},"modified":"2024-04-25T13:54:11","modified_gmt":"2024-04-25T12:54:11","slug":"hogyan-mukodik-2","status":"publish","type":"page","link":"https:\/\/innowatt22.com\/ru\/hogyan-mukodik-2\/","title":{"rendered":"\u041a\u0430\u043a \u044d\u0442\u043e \u0440\u0430\u0431\u043e\u0442\u0430\u0435\u0442?"},"content":{"rendered":"<div data-elementor-type=\"wp-page\" data-elementor-id=\"5675\" class=\"elementor elementor-5675\" data-elementor-post-type=\"page\">\n\t\t\t\t<div class=\"elementor-element elementor-element-185c3598 e-flex e-con-boxed e-con e-parent\" data-id=\"185c3598\" data-element_type=\"container\" data-settings=\"{&quot;background_background&quot;:&quot;classic&quot;}\">\n\t\t\t\t\t<div class=\"e-con-inner\">\n\t\t\t\t<div class=\"elementor-element elementor-element-90a7015 elementor-widget elementor-widget-text-editor\" data-id=\"90a7015\" data-element_type=\"widget\" data-widget_type=\"text-editor.default\">\n\t\t\t\t<div class=\"elementor-widget-container\">\n\t\t\t\t\t\t\t\t\t<p>Az Innowatt Heating Module az Innowatt \u201922 Kft saj\u00e1t gy\u00e1rt\u00e1s\u00fa term\u00e9ke, melyet jelen t\u00e1j\u00e9koztat\u00f3val szeretn\u00e9nk r\u00f6viden ismertetni.<br \/>Term\u00e9k\u00fcnk k\u00f6z\u00e9rthet\u0151bb elnevez\u00e9se az \u2019elektromos \u00e1tfoly\u00f3s v\u00edzmeleg\u00edt\u0151\u2019, azonban enn\u00e9l \u00f6sszetettebb eszk\u00f6zr\u0151l van sz\u00f3. A berendez\u00e9s elektromos \u00e1ramot haszn\u00e1lva, felmeleg\u00edti a rajta kereszt\u00fcl halad\u00f3 vizet. Ahhoz, hogy meg\u00e9rts\u00fck, hogy hogyan is teszi ezt a legkisebb vesztes\u00e9ggel, elengedhetetlen a term\u00e9k gyorsas\u00e1g\u00e1r\u00f3l \u00e9s m\u00e9ret\u00e9r\u0151l sz\u00f3t ejteni. Amikor v\u00edzmeleg\u00edt\u00e9sr\u0151l besz\u00e9l\u00fcnk, legt\u00f6bbsz\u00f6r t\u00e9vesen gondolunk a v\u00edz t\u00e9nyleges meleg\u00edt\u00e9s\u00e9re- sok esetben (pl. cs\u0151k\u00edgy\u00f3s t\u00e1rol\u00f3 berendez\u00e9sekn\u00e9l is) csak a v\u00edzzel \u00e9rintkez\u0151 k\u00f6zegeket szok\u00e1s meleg\u00edteni (pl. h\u0151cser\u00e9l\u0151). Eset\u00fcnkben a term\u00e9knek azon szakasz\u00e1t, azt a k\u00f6zeget meleg\u00edtj\u00fck, melyen a v\u00edz kereszt\u00fclhalad. Ennek k\u00f6sz\u00f6nhet\u0151, hogy a rendszerben l\u00e9v\u0151 v\u00edz nem \u00e9rintkezik a f\u0171t\u0151elemmel. A f\u0171t\u0151elemet kis m\u00e9rete miatt magas hat\u00e9konys\u00e1g, illetve minim\u00e1lis vesztes\u00e9g jellemzi, hiszen min\u00e9l kisebb valami, ann\u00e1l kisebb a h\u0151tehetetlens\u00e9ge. Ezen pozit\u00edv tulajdons\u00e1goknak k\u00f6sz\u00f6nhet\u0151en a f\u0171t\u0151elem rendk\u00edv\u00fcl gyorsan k\u00e9pes \u00e1tadni a k\u00f6zegnek a h\u0151m\u00e9rs\u00e9kletet, a k\u00f6zeg pedig a rendszerben tal\u00e1lhat\u00f3 v\u00edznek.<\/p><p>Term\u00e9k\u00fcnket k\u00e9t k\u00fcl\u00f6nb\u00f6z\u0151 m\u00e9retez\u00e9sben gy\u00e1rtjuk, mely f\u00fcgg a k\u00edv\u00e1nt teljes\u00edtm\u00e9nyt\u0151l. 2 kW-t\u00f3l 12 kW teljes\u00edtm\u00e9nyig v\u00e1laszthat\u00f3 (1 illetve 3 f\u00e1zis\u00fa berendez\u00e9sek). A teljes\u00edtm\u00e9nyt a felhaszn\u00e1l\u00e1si c\u00e9l hat\u00e1rozza meg, mire szeretn\u00e9nk haszn\u00e1lni. Term\u00e9k\u00fcnk egyar\u00e1nt alkalmazhat\u00f3 k\u00f6zponti f\u0171t\u00e9sekhez, gravit\u00e1ci\u00f3s f\u0171t\u00e9shez, padl\u00f3f\u0171t\u00e9shez, radi\u00e1toros rendszerekhez, kaloriferekhez, haszn\u00e1lati melegv\u00edz el\u0151\u00e1ll\u00edt\u00e1s\u00e1hoz, tart\u00e1lyra vagy \u00e1tfoly\u00f3s rendszerhez. Tov\u00e1bb\u00e1 alkalmas medenc\u00e9k, jakuzzik f\u0171t\u00e9s\u00e9re, v\u00edzmeleg\u00edt\u00e9s\u00e9re, valamint h\u0151szivatty\u00fak kieg\u00e9sz\u00edt\u0151 f\u0171t\u00e9s\u00e9hez is.<\/p><p>Term\u00e9k\u00fcnk fejleszt\u00e9s\u00e9n\u00e9l nagy hangs\u00falyt fektett\u00fcnk az \u00e9letv\u00e9delmi funkci\u00f3kra, a szem\u00e9ly- \u00e9s vagyonbiztons\u00e1gra, \u00f6sszess\u00e9g\u00e9ben a term\u00e9k biztons\u00e1gos m\u0171k\u00f6d\u00e9s\u00e9re. A k\u00f6nnyebb szab\u00e1lyozhat\u00f3s\u00e1g \u00e9rdek\u00e9ben a f\u0171t\u0151modult m\u0171k\u00f6d\u00e9s k\u00f6zben permanensen analiz\u00e1lja egy vez\u00e9rl\u0151 berendez\u00e9s, amely figyelemmel k\u00eds\u00e9ri a h\u0151m\u00e9rs\u00e9kletv\u00e1ltoz\u00e1sokat, \u00edgy k\u00e9pes ir\u00e1ny\u00edtani a f\u0171t\u0151elemek m\u0171k\u00f6d\u00e9s\u00e9t, indul\u00e1s\u00e1t, le\u00e1ll\u00edt\u00e1s\u00e1t, illetve b\u00e1rmilyen probl\u00e9ma eset\u00e9n v\u00e9szle\u00e1ll\u00edt\u00e1st hajt v\u00e9gre. Tov\u00e1bb\u00e1, a vez\u00e9rl\u0151 berendez\u00e9s meghib\u00e1sod\u00e1sa eset\u00e9n a modult bimetall kapcsol\u00f3 is v\u00e9di.<\/p><p>Term\u00e9k\u00fcnk megfelel a jelenleg \u00e9rv\u00e9nyben l\u00e9v\u0151 magyar villamos szabv\u00e1nyoknak, biztons\u00e1gosan \u00fczemeltethet\u0151 230\/400 V h\u00e1l\u00f3zati fesz\u00fclts\u00e9gen.<\/p>\t\t\t\t\t\t\t\t<\/div>\n\t\t\t\t<\/div>\n\t\t\t\t\t<\/div>\n\t\t\t\t<\/div>\n\t\t<div class=\"elementor-element elementor-element-a413a43 e-flex e-con-boxed e-con e-parent\" data-id=\"a413a43\" data-element_type=\"container\">\n\t\t\t\t\t<div class=\"e-con-inner\">\n\t\t\t\t\t<\/div>\n\t\t\t\t<\/div>\n\t\t\t\t<\/div>","protected":false},"excerpt":{"rendered":"<p>Az Innowatt Heating Module az Innowatt \u201922 Kft saj\u00e1t gy\u00e1rt\u00e1s\u00fa term\u00e9ke, melyet jelen t\u00e1j\u00e9koztat\u00f3val szeretn\u00e9nk r\u00f6viden ismertetni.Term\u00e9k\u00fcnk k\u00f6z\u00e9rthet\u0151bb elnevez\u00e9se az \u2019elektromos \u00e1tfoly\u00f3s v\u00edzmeleg\u00edt\u0151\u2019, azonban enn\u00e9l \u00f6sszetettebb eszk\u00f6zr\u0151l van sz\u00f3. A berendez\u00e9s elektromos \u00e1ramot haszn\u00e1lva, felmeleg\u00edti a rajta kereszt\u00fcl halad\u00f3 vizet. Ahhoz, hogy meg\u00e9rts\u00fck, hogy hogyan is teszi ezt a legkisebb vesztes\u00e9ggel, elengedhetetlen a term\u00e9k gyorsas\u00e1g\u00e1r\u00f3l \u00e9s m\u00e9ret\u00e9r\u0151l sz\u00f3t ejteni. Amikor v\u00edzmeleg\u00edt\u00e9sr\u0151l besz\u00e9l\u00fcnk, legt\u00f6bbsz\u00f6r t\u00e9vesen gondolunk a v\u00edz t\u00e9nyleges meleg\u00edt\u00e9s\u00e9re- sok esetben (pl. cs\u0151k\u00edgy\u00f3s t\u00e1rol\u00f3 berendez\u00e9sekn\u00e9l is) csak a v\u00edzzel \u00e9rintkez\u0151 k\u00f6zegeket szok\u00e1s meleg\u00edteni (pl. h\u0151cser\u00e9l\u0151). Eset\u00fcnkben a term\u00e9knek azon szakasz\u00e1t, azt a k\u00f6zeget meleg\u00edtj\u00fck, melyen a v\u00edz kereszt\u00fclhalad. Ennek k\u00f6sz\u00f6nhet\u0151, hogy a rendszerben l\u00e9v\u0151 v\u00edz nem \u00e9rintkezik a f\u0171t\u0151elemmel. A f\u0171t\u0151elemet kis m\u00e9rete miatt magas hat\u00e9konys\u00e1g, illetve minim\u00e1lis vesztes\u00e9g jellemzi, hiszen min\u00e9l kisebb valami, ann\u00e1l kisebb a h\u0151tehetetlens\u00e9ge. Ezen pozit\u00edv tulajdons\u00e1goknak k\u00f6sz\u00f6nhet\u0151en a f\u0171t\u0151elem rendk\u00edv\u00fcl gyorsan k\u00e9pes \u00e1tadni a k\u00f6zegnek a h\u0151m\u00e9rs\u00e9kletet, a k\u00f6zeg pedig a rendszerben tal\u00e1lhat\u00f3 v\u00edznek. Term\u00e9k\u00fcnket k\u00e9t k\u00fcl\u00f6nb\u00f6z\u0151 m\u00e9retez\u00e9sben gy\u00e1rtjuk, mely f\u00fcgg a k\u00edv\u00e1nt teljes\u00edtm\u00e9nyt\u0151l. 2 kW-t\u00f3l 12 kW teljes\u00edtm\u00e9nyig v\u00e1laszthat\u00f3 (1 illetve 3 f\u00e1zis\u00fa berendez\u00e9sek). A teljes\u00edtm\u00e9nyt a felhaszn\u00e1l\u00e1si c\u00e9l hat\u00e1rozza meg, mire szeretn\u00e9nk haszn\u00e1lni. Term\u00e9k\u00fcnk egyar\u00e1nt alkalmazhat\u00f3 k\u00f6zponti f\u0171t\u00e9sekhez, gravit\u00e1ci\u00f3s f\u0171t\u00e9shez, padl\u00f3f\u0171t\u00e9shez, radi\u00e1toros rendszerekhez, kaloriferekhez, haszn\u00e1lati melegv\u00edz el\u0151\u00e1ll\u00edt\u00e1s\u00e1hoz, tart\u00e1lyra vagy \u00e1tfoly\u00f3s rendszerhez. Tov\u00e1bb\u00e1 alkalmas medenc\u00e9k, jakuzzik f\u0171t\u00e9s\u00e9re, v\u00edzmeleg\u00edt\u00e9s\u00e9re, valamint h\u0151szivatty\u00fak kieg\u00e9sz\u00edt\u0151 f\u0171t\u00e9s\u00e9hez is. Term\u00e9k\u00fcnk fejleszt\u00e9s\u00e9n\u00e9l nagy hangs\u00falyt fektett\u00fcnk az \u00e9letv\u00e9delmi funkci\u00f3kra, a szem\u00e9ly- \u00e9s vagyonbiztons\u00e1gra, \u00f6sszess\u00e9g\u00e9ben a term\u00e9k biztons\u00e1gos m\u0171k\u00f6d\u00e9s\u00e9re. A k\u00f6nnyebb szab\u00e1lyozhat\u00f3s\u00e1g \u00e9rdek\u00e9ben a f\u0171t\u0151modult m\u0171k\u00f6d\u00e9s k\u00f6zben permanensen analiz\u00e1lja egy vez\u00e9rl\u0151 berendez\u00e9s, amely figyelemmel k\u00eds\u00e9ri a h\u0151m\u00e9rs\u00e9kletv\u00e1ltoz\u00e1sokat, \u00edgy k\u00e9pes ir\u00e1ny\u00edtani a f\u0171t\u0151elemek m\u0171k\u00f6d\u00e9s\u00e9t, indul\u00e1s\u00e1t, le\u00e1ll\u00edt\u00e1s\u00e1t, illetve b\u00e1rmilyen probl\u00e9ma eset\u00e9n v\u00e9szle\u00e1ll\u00edt\u00e1st hajt v\u00e9gre. Tov\u00e1bb\u00e1, a vez\u00e9rl\u0151 berendez\u00e9s meghib\u00e1sod\u00e1sa eset\u00e9n a modult bimetall kapcsol\u00f3 is v\u00e9di. Term\u00e9k\u00fcnk megfelel a jelenleg \u00e9rv\u00e9nyben l\u00e9v\u0151 magyar villamos szabv\u00e1nyoknak, biztons\u00e1gosan \u00fczemeltethet\u0151 230\/400 V h\u00e1l\u00f3zati fesz\u00fclts\u00e9gen.<\/p>","protected":false},"author":1,"featured_media":0,"parent":0,"menu_order":0,"comment_status":"closed","ping_status":"closed","template":"","meta":{"footnotes":""},"class_list":["post-5675","page","type-page","status-publish","hentry","cms-no-post-thumbnail"],"aioseo_notices":[],"_links":{"self":[{"href":"https:\/\/innowatt22.com\/ru\/wp-json\/wp\/v2\/pages\/5675","targetHints":{"allow":["GET"]}}],"collection":[{"href":"https:\/\/innowatt22.com\/ru\/wp-json\/wp\/v2\/pages"}],"about":[{"href":"https:\/\/innowatt22.com\/ru\/wp-json\/wp\/v2\/types\/page"}],"author":[{"embeddable":true,"href":"https:\/\/innowatt22.com\/ru\/wp-json\/wp\/v2\/users\/1"}],"replies":[{"embeddable":true,"href":"https:\/\/innowatt22.com\/ru\/wp-json\/wp\/v2\/comments?post=5675"}],"version-history":[{"count":31,"href":"https:\/\/innowatt22.com\/ru\/wp-json\/wp\/v2\/pages\/5675\/revisions"}],"predecessor-version":[{"id":5765,"href":"https:\/\/innowatt22.com\/ru\/wp-json\/wp\/v2\/pages\/5675\/revisions\/5765"}],"wp:attachment":[{"href":"https:\/\/innowatt22.com\/ru\/wp-json\/wp\/v2\/media?parent=5675"}],"curies":[{"name":"wp","href":"https:\/\/api.w.org\/{rel}","templated":true}]}}