{"id":5339,"date":"2023-07-12T12:52:43","date_gmt":"2023-07-12T11:52:43","guid":{"rendered":"https:\/\/innowatt22.com\/?page_id=5339"},"modified":"2023-07-12T13:05:27","modified_gmt":"2023-07-12T12:05:27","slug":"impresszum","status":"publish","type":"page","link":"https:\/\/innowatt22.com\/ru\/impresszum\/","title":{"rendered":"\u0418\u043c\u043f\u0440\u0438\u043d\u0442"},"content":{"rendered":"<div data-elementor-type=\"wp-page\" data-elementor-id=\"5339\" class=\"elementor elementor-5339\" data-elementor-post-type=\"page\">\n\t\t\t\t<div class=\"elementor-element elementor-element-a5f961b e-flex e-con-boxed e-con e-parent\" data-id=\"a5f961b\" data-element_type=\"container\">\n\t\t\t\t\t<div class=\"e-con-inner\">\n\t\t\t\t<div class=\"elementor-element elementor-element-112d740 elementor-widget elementor-widget-text-editor\" data-id=\"112d740\" data-element_type=\"widget\" data-widget_type=\"text-editor.default\">\n\t\t\t\t<div class=\"elementor-widget-container\">\n\t\t\t\t\t\t\t\t\t<div class=\"elementor-element elementor-element-95c8bd6 e-flex e-con-boxed e-con\" data-id=\"95c8bd6\" data-element_type=\"container\" data-settings=\"{&quot;content_width&quot;:&quot;boxed&quot;}\">\n<div class=\"e-con-inner\">\n<div class=\"elementor-element elementor-element-a66543e elementor-widget elementor-widget-heading\" data-id=\"a66543e\" data-element_type=\"widget\" data-widget_type=\"heading.default\">\n<div class=\"elementor-widget-container\"><strong>AZ \u00dcZEMELTET\u0150 ADATAI<\/strong><\/div>\n<\/div>\n<div class=\"elementor-element elementor-element-29ec3f7 elementor-widget elementor-widget-text-editor\" data-id=\"29ec3f7\" data-element_type=\"widget\" data-widget_type=\"text-editor.default\">\n<div class=\"elementor-widget-container\">\n<p>C\u00e9g neve: Innowatt \u201922<br>Sz\u00e9khely: 2600 V\u00e1c, J\u00e9gvir\u00e1g utca 41.<br>C\u00e9gjegyz\u00e9ksz\u00e1m: 13 09 223560<br>Ad\u00f3sz\u00e1m: 32123368-2-13<br>Banksz\u00e1mlasz\u00e1ma: 11741441-21453290<br>K\u00e9pviseli: Szilasi Bal\u00e1zs \u00fcgyvezet\u0151<br>Mobiltelefon: +36 20 441 7136<br>E-mail: szilasi.balazs@innowatt22.com<br>Webhely: https:\/\/innowatt22.com\/<\/p><p><br><\/p>\n<\/div>\n<\/div>\n<\/div>\n<\/div>\n<div class=\"elementor-element elementor-element-3ddfc79 e-flex e-con-boxed e-con\" data-id=\"3ddfc79\" data-element_type=\"container\" data-settings=\"{&quot;content_width&quot;:&quot;boxed&quot;}\">\n<div class=\"e-con-inner\">\n<div data-id=\"2c0a92f\" data-element_type=\"widget\" data-widget_type=\"heading.default\">\n<div>\n<p><strong>AZ \u00dcZEMELTET\u0150 WEBOLDAL\u00c1NAK T\u00c1RHELYSZOLG\u00c1LTAT\u00d3JA<\/strong><\/p>\n<\/div>\n<\/div>\n<div class=\"elementor-element elementor-element-96af6d0 elementor-widget elementor-widget-text-editor\" data-id=\"96af6d0\" data-element_type=\"widget\" data-widget_type=\"text-editor.default\">\n<div class=\"elementor-widget-container\">\n<p><b>Registrar Office:<br><\/b>HOSTINGER, UAB<br>Jonavos str. 60C, Kaunas 44192 Lithuania<br>Phone:&nbsp;+37064503378<br>Email:&nbsp;domains@hostinger.com<\/p>\n<p><b>Corporate Officers:<br><\/b>Antanas Pata\u0161ius, Chief Technical Officer<br>Arnas Stuopelis, Chief Executive Officer<br>Domantas Ber\u017eanskis, Chief Financial Officer<\/p>\n<\/div>\n<\/div>\n<\/div>\n<\/div>\t\t\t\t\t\t\t\t<\/div>\n\t\t\t\t<\/div>\n\t\t\t\t\t<\/div>\n\t\t\t\t<\/div>\n\t\t\t\t<\/div>","protected":false},"excerpt":{"rendered":"<p>AZ \u00dcZEMELTET\u0150 ADATAI C\u00e9g neve: Innowatt \u201922Sz\u00e9khely: 2600 V\u00e1c, J\u00e9gvir\u00e1g utca 41.C\u00e9gjegyz\u00e9ksz\u00e1m: 13 09 223560Ad\u00f3sz\u00e1m: 32123368-2-13Banksz\u00e1mlasz\u00e1ma: 11741441-21453290K\u00e9pviseli: Szilasi Bal\u00e1zs \u00fcgyvezet\u0151Mobiltelefon: +36 20 441 7136E-mail: szilasi.balazs@innowatt22.comWebhely: https:\/\/innowatt22.com\/ AZ \u00dcZEMELTET\u0150 WEBOLDAL\u00c1NAK T\u00c1RHELYSZOLG\u00c1LTAT\u00d3JA Registrar Office:HOSTINGER, UABJonavos str. 60C, Kaunas 44192 LithuaniaPhone:&nbsp;+37064503378Email:&nbsp;domains@hostinger.com Corporate Officers:Antanas Pata\u0161ius, Chief Technical OfficerArnas Stuopelis, Chief Executive OfficerDomantas Ber\u017eanskis, Chief Financial Officer<\/p>","protected":false},"author":1,"featured_media":0,"parent":0,"menu_order":0,"comment_status":"closed","ping_status":"closed","template":"","meta":{"footnotes":""},"class_list":["post-5339","page","type-page","status-publish","hentry","cms-no-post-thumbnail"],"aioseo_notices":[],"_links":{"self":[{"href":"https:\/\/innowatt22.com\/ru\/wp-json\/wp\/v2\/pages\/5339","targetHints":{"allow":["GET"]}}],"collection":[{"href":"https:\/\/innowatt22.com\/ru\/wp-json\/wp\/v2\/pages"}],"about":[{"href":"https:\/\/innowatt22.com\/ru\/wp-json\/wp\/v2\/types\/page"}],"author":[{"embeddable":true,"href":"https:\/\/innowatt22.com\/ru\/wp-json\/wp\/v2\/users\/1"}],"replies":[{"embeddable":true,"href":"https:\/\/innowatt22.com\/ru\/wp-json\/wp\/v2\/comments?post=5339"}],"version-history":[{"count":0,"href":"https:\/\/innowatt22.com\/ru\/wp-json\/wp\/v2\/pages\/5339\/revisions"}],"wp:attachment":[{"href":"https:\/\/innowatt22.com\/ru\/wp-json\/wp\/v2\/media?parent=5339"}],"curies":[{"name":"wp","href":"https:\/\/api.w.org\/{rel}","templated":true}]}}