{"id":4639,"date":"2022-11-21T18:41:01","date_gmt":"2022-11-21T17:41:01","guid":{"rendered":"https:\/\/innowatt22.com\/?page_id=4639"},"modified":"2024-02-19T15:44:09","modified_gmt":"2024-02-19T14:44:09","slug":"bemutatkozas","status":"publish","type":"page","link":"https:\/\/innowatt22.com\/ru\/bemutatkozas\/","title":{"rendered":"\u041e \u043d\u0430\u0441"},"content":{"rendered":"<div data-elementor-type=\"wp-page\" data-elementor-id=\"4639\" class=\"elementor elementor-4639\" data-elementor-post-type=\"page\">\n\t\t\t\t<div class=\"elementor-element elementor-element-da13676 e-flex e-con-boxed e-con e-parent\" data-id=\"da13676\" data-element_type=\"container\">\n\t\t\t\t\t<div class=\"e-con-inner\">\n\t\t<div class=\"elementor-element elementor-element-5f0cefa e-con-full e-flex e-con e-child\" data-id=\"5f0cefa\" data-element_type=\"container\" data-settings=\"{&quot;background_background&quot;:&quot;classic&quot;}\">\n\t\t\t\t<div class=\"elementor-element elementor-element-8640b00 elementor-widget elementor-widget-heading\" data-id=\"8640b00\" data-element_type=\"widget\" data-widget_type=\"heading.default\">\n\t\t\t\t<div class=\"elementor-widget-container\">\n\t\t\t\t\t<h2 class=\"elementor-heading-title elementor-size-default\">\u041e \u043d\u0430\u0441<\/h2>\t\t\t\t<\/div>\n\t\t\t\t<\/div>\n\t\t\t\t<div class=\"elementor-element elementor-element-edbbc2d elementor-widget elementor-widget-text-editor\" data-id=\"edbbc2d\" data-element_type=\"widget\" data-widget_type=\"text-editor.default\">\n\t\t\t\t<div class=\"elementor-widget-container\">\n\t\t\t\t\t\t\t\t\t<p>Az Innowatt 22 Kft. sz\u00e1z sz\u00e1zal\u00e9kban magyar tulajdon\u00fa v\u00e1llalkoz\u00e1s.\u00a0<\/p><p>C\u00e9lunk egy olyan fejlett technol\u00f3gia k\u00edn\u00e1lata, amely seg\u00edts\u00e9g\u00e9vel \u00d6n id\u0151t, helyet \u00e9s befektet\u00e9si k\u00f6lts\u00e9geket is megtakar\u00edthat.<\/p><p>Most, amikor a vil\u00e1gban energiav\u00e1ls\u00e1g d\u00fal \u00e9s az \u00e1rak elszabadultak, fontosnak tartjuk, hogy a technol\u00f3gia mindenki sz\u00e1m\u00e1ra el\u00e9rhet\u0151 legyen. Az Innowatt f\u0171t\u0151modulok kis helyet ig\u00e9nyelnek, k\u00f6nnyen \u00e9s gyorsan \u00fczembe helyezhet\u0151k a helyi k\u00f6r\u00fclm\u00e9nyekhez igaz\u00edtva, valamint r\u00f6vid id\u0151 alatt k\u00e9pesek magas h\u0151m\u00e9rs\u00e9klet el\u0151\u00e1ll\u00edt\u00e1s\u00e1ra.<\/p><p>\u041d\u0430\u0448\u0430 \u043a\u043e\u043c\u043f\u0430\u043d\u0438\u044f \u0431\u044b\u043b\u0430 \u0441\u043e\u0437\u0434\u0430\u043d\u0430 \u043d\u0435\u0434\u0430\u0432\u043d\u043e. \u041c\u044b \u0440\u0430\u0431\u043e\u0442\u0430\u0435\u043c \u0441 \u043f\u0440\u043e\u0444\u0435\u0441\u0441\u0438\u043e\u043d\u0430\u043b\u0430\u043c\u0438, \u043a\u043e\u0442\u043e\u0440\u044b\u0435 \u044f\u0432\u043b\u044f\u044e\u0442\u0441\u044f \u043d\u0430\u0434\u0435\u0436\u043d\u044b\u043c\u0438, \u0441\u043e\u0431\u0441\u0442\u0432\u0435\u043d\u043d\u044b\u043c\u0438\n\u0441\u043e\u043e\u0442\u0432\u0435\u0442\u0441\u0442\u0432\u0443\u044e\u0449\u0438\u0439 \u043f\u0440\u043e\u0444\u0435\u0441\u0441\u0438\u043e\u043d\u0430\u043b\u044c\u043d\u044b\u0439 \u043e\u043f\u044b\u0442, \u0430 \u0442\u0430\u043a\u0436\u0435 \u043f\u0440\u0438\u0432\u0435\u0440\u0436\u0435\u043d\u043d\u043e\u0441\u0442\u044c \u0434\u0435\u043b\u0443, \u0447\u0442\u043e\u0431\u044b \u043e\u0431\u0435\u0441\u043f\u0435\u0447\u0438\u0442\u044c \u0441 \u0438\u0445 \u043f\u043e\u043c\u043e\u0449\u044c\u044e\n\u043a\u0430\u0447\u0435\u0441\u0442\u0432\u0435\u043d\u043d\u043e\u0435 \u043e\u0431\u0441\u043b\u0443\u0436\u0438\u0432\u0430\u043d\u0438\u0435 \u043d\u0430\u0448\u0438\u0445 \u043a\u043b\u0438\u0435\u043d\u0442\u043e\u0432.<\/p><p>Ha felkeltett\u00fck \u00e9rdekl\u0151d\u00e9s\u00e9t, k\u00e9rj\u00fck, tekintse meg honlapunkon\u00a0 az el\u00e9rhet\u0151 modulokat \u00e9s b\u00e1tran forduljon hozz\u00e1nk k\u00e9rd\u00e9seivel!<\/p><p>Ig\u00e9ny eset\u00e9n \u00e1llunk rendelkez\u00e9s\u00e9re!\u00a0<\/p><p style=\"text-align: center;\"><em>- \u041a\u043e\u043c\u0430\u043d\u0434\u0430 Innovatt 22 Kft.<\/em><\/p>\t\t\t\t\t\t\t\t<\/div>\n\t\t\t\t<\/div>\n\t\t\t\t<\/div>\n\t\t\t\t\t<\/div>\n\t\t\t\t<\/div>\n\t\t<div class=\"elementor-element elementor-element-dbac745 e-flex e-con-boxed e-con e-parent\" data-id=\"dbac745\" data-element_type=\"container\">\n\t\t\t\t\t<div class=\"e-con-inner\">\n\t\t<div class=\"elementor-element elementor-element-e3adab7 e-con-full e-flex e-con e-child\" data-id=\"e3adab7\" data-element_type=\"container\">\n\t\t<div class=\"elementor-element elementor-element-1a670a4 e-con-full e-flex e-con e-child\" data-id=\"1a670a4\" data-element_type=\"container\">\n\t\t<div class=\"elementor-element elementor-element-930198d e-con-full e-flex e-con e-child\" data-id=\"930198d\" data-element_type=\"container\">\n\t\t\t\t<div class=\"elementor-element elementor-element-f64a28f elementor-align-justify elementor-widget elementor-widget-button\" data-id=\"f64a28f\" data-element_type=\"widget\" data-widget_type=\"button.default\">\n\t\t\t\t<div class=\"elementor-widget-container\">\n\t\t\t\t\t\t\t\t\t<div class=\"elementor-button-wrapper\">\n\t\t\t\t\t<a class=\"elementor-button elementor-button-link elementor-size-lg elementor-animation-shrink\" href=\"https:\/\/innowatt22.com\/ru\/kapcsolat\/\">\n\t\t\t\t\t\t<span class=\"elementor-button-content-wrapper\">\n\t\t\t\t\t\t\t\t\t<span class=\"elementor-button-text\">\u041a\u043e\u043d\u0442\u0430\u043a\u0442<\/span>\n\t\t\t\t\t<\/span>\n\t\t\t\t\t<\/a>\n\t\t\t\t<\/div>\n\t\t\t\t\t\t\t\t<\/div>\n\t\t\t\t<\/div>\n\t\t\t\t<\/div>\n\t\t<div class=\"elementor-element elementor-element-b52013c e-con-full e-flex e-con e-child\" data-id=\"b52013c\" data-element_type=\"container\">\n\t\t\t\t<div class=\"elementor-element elementor-element-149af5d elementor-align-justify elementor-widget elementor-widget-button\" data-id=\"149af5d\" data-element_type=\"widget\" data-widget_type=\"button.default\">\n\t\t\t\t<div class=\"elementor-widget-container\">\n\t\t\t\t\t\t\t\t\t<div class=\"elementor-button-wrapper\">\n\t\t\t\t\t<a class=\"elementor-button elementor-button-link elementor-size-lg elementor-animation-shrink\" href=\"https:\/\/innowatt22.com\/ru\/ajanlat\/\">\n\t\t\t\t\t\t<span class=\"elementor-button-content-wrapper\">\n\t\t\t\t\t\t\t\t\t<span class=\"elementor-button-text\">\u0417\u0430\u043f\u0440\u043e\u0441\u0438\u0442\u0435 \u043a\u043e\u043c\u043c\u0435\u0440\u0447\u0435\u0441\u043a\u043e\u0435 \u043f\u0440\u0435\u0434\u043b\u043e\u0436\u0435\u043d\u0438\u0435!<\/span>\n\t\t\t\t\t<\/span>\n\t\t\t\t\t<\/a>\n\t\t\t\t<\/div>\n\t\t\t\t\t\t\t\t<\/div>\n\t\t\t\t<\/div>\n\t\t\t\t<\/div>\n\t\t\t\t<\/div>\n\t\t\t\t<\/div>\n\t\t\t\t\t<\/div>\n\t\t\t\t<\/div>\n\t\t\t\t<\/div>","protected":false},"excerpt":{"rendered":"<p>Bemutatkoz\u00e1s Az Innowatt 22 Kft. sz\u00e1z sz\u00e1zal\u00e9kban magyar tulajdon\u00fa v\u00e1llalkoz\u00e1s.\u00a0 C\u00e9lunk egy olyan fejlett technol\u00f3gia k\u00edn\u00e1lata, amely seg\u00edts\u00e9g\u00e9vel \u00d6n id\u0151t, helyet \u00e9s befektet\u00e9si k\u00f6lts\u00e9geket is megtakar\u00edthat. Most, amikor a vil\u00e1gban energiav\u00e1ls\u00e1g d\u00fal \u00e9s az \u00e1rak elszabadultak, fontosnak tartjuk, hogy a technol\u00f3gia mindenki sz\u00e1m\u00e1ra el\u00e9rhet\u0151 legyen. Az Innowatt f\u0171t\u0151modulok kis helyet ig\u00e9nyelnek, k\u00f6nnyen \u00e9s gyorsan \u00fczembe helyezhet\u0151k a helyi k\u00f6r\u00fclm\u00e9nyekhez igaz\u00edtva, valamint r\u00f6vid id\u0151 alatt k\u00e9pesek magas h\u0151m\u00e9rs\u00e9klet el\u0151\u00e1ll\u00edt\u00e1s\u00e1ra. C\u00e9g\u00fcnk nemr\u00e9g alakult, viszont olyan szakemberekkel dolgozunk, akik megb\u00edzhat\u00f3ak, megfelel\u0151 szakmai tapasztalattal \u00e9s elhivatotts\u00e1ggal rendelkeznek, hogy seg\u00edts\u00e9g\u00fckkel sz\u00ednvonalas szolg\u00e1ltat\u00e1st tudjunk ny\u00fajtani \u00fcgyfeleinknek. Ha felkeltett\u00fck \u00e9rdekl\u0151d\u00e9s\u00e9t, k\u00e9rj\u00fck, tekintse meg honlapunkon\u00a0 az el\u00e9rhet\u0151 modulokat \u00e9s b\u00e1tran forduljon hozz\u00e1nk k\u00e9rd\u00e9seivel! Ig\u00e9ny eset\u00e9n \u00e1llunk rendelkez\u00e9s\u00e9re!\u00a0 Innowatt 22 Kft. &#8211; Team KAPCSOLAT \u00c1RAJ\u00c1NLATOT K\u00c9REK<\/p>","protected":false},"author":1,"featured_media":0,"parent":0,"menu_order":0,"comment_status":"closed","ping_status":"closed","template":"","meta":{"footnotes":""},"class_list":["post-4639","page","type-page","status-publish","hentry","cms-no-post-thumbnail"],"aioseo_notices":[],"_links":{"self":[{"href":"https:\/\/innowatt22.com\/ru\/wp-json\/wp\/v2\/pages\/4639","targetHints":{"allow":["GET"]}}],"collection":[{"href":"https:\/\/innowatt22.com\/ru\/wp-json\/wp\/v2\/pages"}],"about":[{"href":"https:\/\/innowatt22.com\/ru\/wp-json\/wp\/v2\/types\/page"}],"author":[{"embeddable":true,"href":"https:\/\/innowatt22.com\/ru\/wp-json\/wp\/v2\/users\/1"}],"replies":[{"embeddable":true,"href":"https:\/\/innowatt22.com\/ru\/wp-json\/wp\/v2\/comments?post=4639"}],"version-history":[{"count":9,"href":"https:\/\/innowatt22.com\/ru\/wp-json\/wp\/v2\/pages\/4639\/revisions"}],"predecessor-version":[{"id":5693,"href":"https:\/\/innowatt22.com\/ru\/wp-json\/wp\/v2\/pages\/4639\/revisions\/5693"}],"wp:attachment":[{"href":"https:\/\/innowatt22.com\/ru\/wp-json\/wp\/v2\/media?parent=4639"}],"curies":[{"name":"wp","href":"https:\/\/api.w.org\/{rel}","templated":true}]}}