{"id":4632,"date":"2022-11-21T18:34:32","date_gmt":"2022-11-21T17:34:32","guid":{"rendered":"https:\/\/innowatt22.com\/?page_id=4632"},"modified":"2023-06-26T12:48:05","modified_gmt":"2023-06-26T11:48:05","slug":"folyamat","status":"publish","type":"page","link":"https:\/\/innowatt22.com\/ru\/folyamat\/","title":{"rendered":"\u041f\u0440\u043e\u0446\u0435\u0441\u0441 \u0437\u0430\u043a\u0430\u0437\u0430"},"content":{"rendered":"<div data-elementor-type=\"wp-page\" data-elementor-id=\"4632\" class=\"elementor elementor-4632\" data-elementor-post-type=\"page\">\n\t\t\t\t        <div class=\"elementor-section elementor-top-section elementor-element elementor-element-2ec55dd elementor-section-boxed elementor-section-height-default elementor-section-height-default cms-remove-container-max-width-no cms-boxed-bg-false cms-overlay-gradient-mode-bt cms-overlay-gradient-bg-yes\" data-id=\"2ec55dd\" data-element_type=\"section\">\n\t\t\n\t\t<div class=\"cms-overlay-gradient\"><\/div><div class=\"cms-section-boxed-bg\"><\/div>        <div class=\"elementor-container elementor-column-gap-default\" >\n\t\t            <div class=\"elementor-row\">\n\t\t        <div class=\"elementor-column elementor-col-100 elementor-top-column elementor-element elementor-element-bcb7aa9\" data-id=\"bcb7aa9\" data-element_type=\"column\">\n        <div class=\"elementor-column-wrap elementor-element-populated\">\n                            <div class=\"elementor-widget-wrap\">\n                \t\t<div class=\"elementor-element elementor-element-764b8e8 elementor-widget elementor-widget-heading\" data-id=\"764b8e8\" data-element_type=\"widget\" data-widget_type=\"heading.default\">\n\t\t\t\t<div class=\"elementor-widget-container\">\n\t\t\t\t\t<h2 class=\"elementor-heading-title elementor-size-default\">\u041f\u0440\u043e\u0446\u0435\u0441\u0441 \u0437\u0430\u043a\u0430\u0437\u0430<\/h2>\t\t\t\t<\/div>\n\t\t\t\t<\/div>\n\t\t\t\t<div class=\"elementor-element elementor-element-6cac439 elementor-widget elementor-widget-text-editor\" data-id=\"6cac439\" data-element_type=\"widget\" data-widget_type=\"text-editor.default\">\n\t\t\t\t<div class=\"elementor-widget-container\">\n\t\t\t\t\t\t\t\t\t<p><strong>\u0415\u0441\u043b\u0438 \u0432\u044b \u0437\u0430\u0438\u043d\u0442\u0435\u0440\u0435\u0441\u043e\u0432\u0430\u043d\u044b \u0432 \u043d\u0430\u0448\u0435\u043c \u043f\u0440\u043e\u0434\u0443\u043a\u0442\u0435, \u0432\u044b \u043c\u043e\u0436\u0435\u0442\u0435 \u0437\u0430\u043a\u0430\u0437\u0430\u0442\u044c \u043d\u0430\u0448 \u043f\u0440\u043e\u0434\u0443\u043a\u0442 \u0441\u043b\u0435\u0434\u0443\u044e\u0449\u0438\u043c \u043e\u0431\u0440\u0430\u0437\u043e\u043c:<\/strong><\/p>\t\t\t\t\t\t\t\t<\/div>\n\t\t\t\t<\/div>\n\t\t\t\t<div class=\"elementor-element elementor-element-d9a7714 elementor-icon-list--layout-traditional elementor-list-item-link-full_width elementor-widget elementor-widget-icon-list\" data-id=\"d9a7714\" data-element_type=\"widget\" data-widget_type=\"icon-list.default\">\n\t\t\t\t<div class=\"elementor-widget-container\">\n\t\t\t\t\t\t\t<ul class=\"elementor-icon-list-items\">\n\t\t\t\t\t\t\t<li class=\"elementor-icon-list-item\">\n\t\t\t\t\t\t\t\t\t\t\t<a href=\"mailto:info@innowatt22.com\">\n\n\t\t\t\t\t\t\t\t\t\t\t\t<span class=\"elementor-icon-list-icon\">\n\t\t\t\t\t\t\t<i aria-hidden=\"true\" class=\"cmsi cmsi-chevron-right\"><\/i>\t\t\t\t\t\t<\/span>\n\t\t\t\t\t\t\t\t\t\t<span class=\"elementor-icon-list-text\">\u0421\u0432\u044f\u0437\u0430\u0442\u044c\u0441\u044f \u043f\u043e \u044d\u043b\u0435\u043a\u0442\u0440\u043e\u043d\u043d\u043e\u0439 \u043f\u043e\u0447\u0442\u0435 (info@innowatt22.com)<\/span>\n\t\t\t\t\t\t\t\t\t\t\t<\/a>\n\t\t\t\t\t\t\t\t\t<\/li>\n\t\t\t\t\t\t\t\t<li class=\"elementor-icon-list-item\">\n\t\t\t\t\t\t\t\t\t\t\t<span class=\"elementor-icon-list-icon\">\n\t\t\t\t\t\t\t<i aria-hidden=\"true\" class=\"cmsi cmsi-chevron-right\"><\/i>\t\t\t\t\t\t<\/span>\n\t\t\t\t\t\t\t\t\t\t<span class=\"elementor-icon-list-text\">\u041d\u0430 \u043e\u0441\u043d\u043e\u0432\u0430\u043d\u0438\u0438 \u043f\u0440\u0435\u0434\u043e\u0441\u0442\u0430\u0432\u043b\u0435\u043d\u043d\u043e\u0439 \u043d\u0430\u043c \u0438\u043d\u0444\u043e\u0440\u043c\u0430\u0446\u0438\u0438 \u043c\u044b \u0437\u0430\u043f\u043e\u043b\u043d\u044f\u0435\u043c \u0431\u043b\u0430\u043d\u043a \u0437\u0430\u043a\u0430\u0437\u0430, \u043a\u043e\u0442\u043e\u0440\u044b\u0439 \u043e\u0442\u043f\u0440\u0430\u0432\u043b\u044f\u0435\u043c \u043e\u0431\u0440\u0430\u0442\u043d\u043e \u043d\u0430 \u0440\u0430\u0441\u0441\u043c\u043e\u0442\u0440\u0435\u043d\u0438\u0435 \u0438 \u043f\u043e\u0434\u043f\u0438\u0441\u044c<\/span>\n\t\t\t\t\t\t\t\t\t<\/li>\n\t\t\t\t\t\t\t\t<li class=\"elementor-icon-list-item\">\n\t\t\t\t\t\t\t\t\t\t\t<span class=\"elementor-icon-list-icon\">\n\t\t\t\t\t\t\t<i aria-hidden=\"true\" class=\"cmsi cmsi-chevron-right\"><\/i>\t\t\t\t\t\t<\/span>\n\t\t\t\t\t\t\t\t\t\t<span class=\"elementor-icon-list-text\">\u041c\u044b \u0441 \u043d\u0435\u0442\u0435\u0440\u043f\u0435\u043d\u0438\u0435\u043c \u0436\u0434\u0435\u043c \u0432\u043e\u0437\u0432\u0440\u0430\u0442\u0430 \u044d\u0442\u043e\u0439 \u0444\u043e\u0440\u043c\u044b \u0437\u0430\u043a\u0430\u0437\u0430, \u043f\u043e\u0434\u043f\u0438\u0441\u0430\u0432 \u0435\u0435 \u0438 \u0437\u0430\u043f\u043e\u043b\u043d\u0438\u0432 \u0438\u043d\u0444\u043e\u0440\u043c\u0430\u0446\u0438\u044e \u043e \u043a\u043e\u043c\u043f\u0430\u043d\u0438\u0438 (\u0432 \u043f\u0435\u0447\u0430\u0442\u043d\u043e\u043c \u0432\u0438\u0434\u0435).<\/span>\n\t\t\t\t\t\t\t\t\t<\/li>\n\t\t\t\t\t\t\t\t<li class=\"elementor-icon-list-item\">\n\t\t\t\t\t\t\t\t\t\t\t<span class=\"elementor-icon-list-icon\">\n\t\t\t\t\t\t\t<i aria-hidden=\"true\" class=\"cmsi cmsi-chevron-right\"><\/i>\t\t\t\t\t\t<\/span>\n\t\t\t\t\t\t\t\t\t\t<span class=\"elementor-icon-list-text\">\u041d\u0430 \u043e\u0441\u043d\u043e\u0432\u0430\u043d\u0438\u0438 \u0443\u0436\u0435 \u0437\u0430\u043f\u043e\u043b\u043d\u0435\u043d\u043d\u043e\u0439 \u0438 \u0443\u0442\u0432\u0435\u0440\u0436\u0434\u0435\u043d\u043d\u043e\u0439 \u0444\u043e\u0440\u043c\u044b \u0437\u0430\u043a\u0430\u0437\u0430 \u043c\u044b \u0433\u043e\u0442\u043e\u0432\u0438\u043c \u0434\u043e\u0433\u043e\u0432\u043e\u0440, \u043a\u043e\u0442\u043e\u0440\u044b\u0439 \u043e\u0436\u0438\u0434\u0430\u0435\u043c \u0432\u0435\u0440\u043d\u0443\u0442\u044c \u043f\u043e\u0434\u043f\u0438\u0441\u0430\u043d\u043d\u044b\u043c \u043f\u043e\u0441\u043b\u0435 \u0440\u0430\u0441\u0441\u043c\u043e\u0442\u0440\u0435\u043d\u0438\u044f<\/span>\n\t\t\t\t\t\t\t\t\t<\/li>\n\t\t\t\t\t\t\t\t<li class=\"elementor-icon-list-item\">\n\t\t\t\t\t\t\t\t\t\t\t<span class=\"elementor-icon-list-icon\">\n\t\t\t\t\t\t\t<i aria-hidden=\"true\" class=\"cmsi cmsi-chevron-right\"><\/i>\t\t\t\t\t\t<\/span>\n\t\t\t\t\t\t\t\t\t\t<span class=\"elementor-icon-list-text\">\u041f\u0440\u0438 \u0441\u043e\u0431\u043b\u044e\u0434\u0435\u043d\u0438\u0438 \u0443\u0441\u043b\u043e\u0432\u0438\u0439 \u0434\u043e\u0433\u043e\u0432\u043e\u0440\u0430 (\u043f\u0440\u0435\u0434\u043e\u043f\u043b\u0430\u0442\u0430) \u043c\u044b \u0432\u044b\u0448\u043b\u0435\u043c \u043f\u043e\u0434\u0442\u0432\u0435\u0440\u0436\u0434\u0435\u043d\u0438\u0435 \u0438 \u043d\u0430\u0447\u043d\u0435\u043c \u043f\u0440\u043e\u0438\u0437\u0432\u043e\u0434\u0441\u0442\u0432\u043e \u0432 \u0442\u0440\u0435\u0431\u0443\u0435\u043c\u043e\u043c \u043a\u043e\u043b\u0438\u0447\u0435\u0441\u0442\u0432\u0435<\/span>\n\t\t\t\t\t\t\t\t\t<\/li>\n\t\t\t\t\t\t\t\t<li class=\"elementor-icon-list-item\">\n\t\t\t\t\t\t\t\t\t\t\t<span class=\"elementor-icon-list-icon\">\n\t\t\t\t\t\t\t<i aria-hidden=\"true\" class=\"cmsi cmsi-chevron-right\"><\/i>\t\t\t\t\t\t<\/span>\n\t\t\t\t\t\t\t\t\t\t<span class=\"elementor-icon-list-text\">\u041f\u0440\u043e\u0434\u0443\u043a\u0442 \u0431\u0443\u0434\u0435\u0442 \u0432\u044b\u043f\u043e\u043b\u043d\u0435\u043d \u0432 \u043e\u0433\u043e\u0432\u043e\u0440\u0435\u043d\u043d\u044b\u0435 \u0441\u0440\u043e\u043a\u0438, \u0430 \u0437\u0430\u0442\u0435\u043c \u0417\u0430\u043a\u0430\u0437\u0447\u0438\u043a \u043e\u043f\u043b\u0430\u0442\u0438\u0442 \u043e\u0441\u0442\u0430\u0432\u0448\u0443\u044e\u0441\u044f \u0441\u0443\u043c\u043c\u0443 \u043a \u0434\u0430\u0442\u0435, \u0443\u043a\u0430\u0437\u0430\u043d\u043d\u043e\u0439 \u0432 \u0434\u043e\u0433\u043e\u0432\u043e\u0440\u0435.<\/span>\n\t\t\t\t\t\t\t\t\t<\/li>\n\t\t\t\t\t\t<\/ul>\n\t\t\t\t\t\t<\/div>\n\t\t\t\t<\/div>\n\t\t<div class=\"elementor-element elementor-element-55d726c e-con-full e-flex e-con e-parent\" data-id=\"55d726c\" data-element_type=\"container\">\n\t\t<div class=\"elementor-element elementor-element-86c00ef e-con-full e-flex e-con e-child\" data-id=\"86c00ef\" data-element_type=\"container\">\n\t\t\t\t<div class=\"elementor-element elementor-element-b77f76c elementor-align-justify elementor-widget elementor-widget-button\" data-id=\"b77f76c\" data-element_type=\"widget\" data-widget_type=\"button.default\">\n\t\t\t\t<div class=\"elementor-widget-container\">\n\t\t\t\t\t\t\t\t\t<div class=\"elementor-button-wrapper\">\n\t\t\t\t\t<a class=\"elementor-button elementor-button-link elementor-size-lg elementor-animation-shrink\" href=\"https:\/\/innowatt22.com\/ru\/kapcsolat\/\">\n\t\t\t\t\t\t<span class=\"elementor-button-content-wrapper\">\n\t\t\t\t\t\t\t\t\t<span class=\"elementor-button-text\">\u041a\u043e\u043d\u0442\u0430\u043a\u0442<\/span>\n\t\t\t\t\t<\/span>\n\t\t\t\t\t<\/a>\n\t\t\t\t<\/div>\n\t\t\t\t\t\t\t\t<\/div>\n\t\t\t\t<\/div>\n\t\t\t\t<\/div>\n\t\t<div class=\"elementor-element elementor-element-a804c33 e-con-full e-flex e-con e-child\" data-id=\"a804c33\" data-element_type=\"container\">\n\t\t\t\t<div class=\"elementor-element elementor-element-c01dedb elementor-align-justify elementor-widget elementor-widget-button\" data-id=\"c01dedb\" data-element_type=\"widget\" data-widget_type=\"button.default\">\n\t\t\t\t<div class=\"elementor-widget-container\">\n\t\t\t\t\t\t\t\t\t<div class=\"elementor-button-wrapper\">\n\t\t\t\t\t<a class=\"elementor-button elementor-button-link elementor-size-lg elementor-animation-shrink\" href=\"https:\/\/innowatt22.com\/ru\/ajanlat\/\">\n\t\t\t\t\t\t<span class=\"elementor-button-content-wrapper\">\n\t\t\t\t\t\t\t\t\t<span class=\"elementor-button-text\">\u0417\u0430\u043f\u0440\u043e\u0441\u0438\u0442\u0435 \u043a\u043e\u043c\u043c\u0435\u0440\u0447\u0435\u0441\u043a\u043e\u0435 \u043f\u0440\u0435\u0434\u043b\u043e\u0436\u0435\u043d\u0438\u0435!<\/span>\n\t\t\t\t\t<\/span>\n\t\t\t\t\t<\/a>\n\t\t\t\t<\/div>\n\t\t\t\t\t\t\t\t<\/div>\n\t\t\t\t<\/div>\n\t\t\t\t<\/div>\n\t\t\t\t<\/div>\n\t\t            <\/div>\n                <\/div>\n        <\/div>\n        \t\t            <\/div>\n\t\t        <\/div>\n        <\/div>\n\t\t\t\t<\/div>","protected":false},"excerpt":{"rendered":"<p>A rendel\u00e9si folyamat menete Amennyiben term\u00e9k\u00fcnk felkeltette \u00e9rdekl\u0151d\u00e9s\u00e9t, az al\u00e1bbiak szerint tudja megrendelni term\u00e9k\u00fcnket: E-mailben t\u00f6rt\u00e9n\u0151 kapcsolatfelv\u00e9tel (info@innowatt22.com) A fel\u00e9nk k\u00f6z\u00f6lt inform\u00e1ci\u00f3 alapj\u00e1n kit\u00f6ltj\u00fck a megrendel\u0151lapot, melyet visszak\u00fcld\u00fcnk \u00e1tn\u00e9z\u00e9sre, al\u00e1\u00edr\u00e1sra Ezen megrendel\u0151lapot al\u00e1\u00edrva, c\u00e9gadatok kit\u00f6lt\u00e9s\u00e9vel (nyomtatott bet\u0171vel) v\u00e1rjuk vissza A m\u00e1r kit\u00f6lt\u00f6tt \u00e9s j\u00f3v\u00e1hagyott megrendel\u0151lap alapj\u00e1n elk\u00e9sz\u00edtj\u00fck a szerz\u0151d\u00e9st, melyet \u00e1tn\u00e9z\u00e9s ut\u00e1n al\u00e1\u00edrva v\u00e1runk vissza Amennyiben a szerz\u0151d\u00e9sben le\u00edrtak teljes\u00fclnek (el\u0151leg kifizet\u00e9se), visszaigazol\u00e1st k\u00fcld\u00fcnk \u00e9s megkezdj\u00fck a k\u00e9rt mennyis\u00e9g gy\u00e1rt\u00e1s\u00e1t A v\u00e1llalt hat\u00e1rid\u0151t tartva a term\u00e9k elk\u00e9sz\u00fcl, majd Megrendel\u0151 a szerz\u0151d\u00e9sben meghat\u00e1rozott id\u0151pontig rendezi a fennmarad\u00f3 \u00f6sszeget KAPCSOLAT \u00c1RAJ\u00c1NLATOT K\u00c9REK<\/p>","protected":false},"author":1,"featured_media":0,"parent":0,"menu_order":0,"comment_status":"closed","ping_status":"closed","template":"","meta":{"footnotes":""},"class_list":["post-4632","page","type-page","status-publish","hentry","cms-no-post-thumbnail"],"aioseo_notices":[],"_links":{"self":[{"href":"https:\/\/innowatt22.com\/ru\/wp-json\/wp\/v2\/pages\/4632","targetHints":{"allow":["GET"]}}],"collection":[{"href":"https:\/\/innowatt22.com\/ru\/wp-json\/wp\/v2\/pages"}],"about":[{"href":"https:\/\/innowatt22.com\/ru\/wp-json\/wp\/v2\/types\/page"}],"author":[{"embeddable":true,"href":"https:\/\/innowatt22.com\/ru\/wp-json\/wp\/v2\/users\/1"}],"replies":[{"embeddable":true,"href":"https:\/\/innowatt22.com\/ru\/wp-json\/wp\/v2\/comments?post=4632"}],"version-history":[{"count":0,"href":"https:\/\/innowatt22.com\/ru\/wp-json\/wp\/v2\/pages\/4632\/revisions"}],"wp:attachment":[{"href":"https:\/\/innowatt22.com\/ru\/wp-json\/wp\/v2\/media?parent=4632"}],"curies":[{"name":"wp","href":"https:\/\/api.w.org\/{rel}","templated":true}]}}