{"id":152,"date":"2022-09-29T14:55:37","date_gmt":"2022-09-29T13:55:37","guid":{"rendered":"http:\/\/7oroof.com\/tfdemos\/evway\/?page_id=152"},"modified":"2024-01-30T17:08:26","modified_gmt":"2024-01-30T16:08:26","slug":"kapcsolat","status":"publish","type":"page","link":"https:\/\/innowatt22.com\/ro\/kapcsolat\/","title":{"rendered":"Contact"},"content":{"rendered":"<div data-elementor-type=\"wp-page\" data-elementor-id=\"152\" class=\"elementor elementor-152\" data-elementor-post-type=\"page\">\n\t\t\t\t        <div class=\"elementor-section elementor-top-section elementor-element elementor-element-ab3e497 elementor-section-full_width elementor-section-height-default elementor-section-height-default cms-remove-container-max-width-no cms-full-content-with-space-none cms-boxed-bg-false cms-overlay-gradient-mode-bt cms-overlay-gradient-bg-yes\" data-id=\"ab3e497\" data-element_type=\"section\">\n\t\t\n\t\t<div class=\"cms-overlay-gradient\"><\/div><div class=\"cms-section-boxed-bg\"><\/div>        <div class=\"elementor-container elementor-column-gap-no\" >\n\t\t            <div class=\"elementor-row\">\n\t\t        <div class=\"elementor-column elementor-col-100 elementor-top-column elementor-element elementor-element-20d45d6\" data-id=\"20d45d6\" data-element_type=\"column\">\n        <div class=\"elementor-column-wrap elementor-element-populated\">\n                            <div class=\"elementor-widget-wrap\">\n                \t\t<div class=\"elementor-element elementor-element-c2c328e cms-maps-layout-2 cms-accordions cms-accordion-layout-1 elementor-widget elementor-widget-cms_map\" data-id=\"c2c328e\" data-element_type=\"widget\" data-widget_type=\"cms_map.default\">\n\t\t\t\t<div class=\"elementor-widget-container\">\n\t\t\t\t\t<div class=\"cms-map-wrapper relative cms-map-height d-flex align-items-center text-start\">\r\n            <iframe frameborder=\"0\" scrolling=\"no\" marginheight=\"0\" marginwidth=\"0\"\r\n            src=\"https:\/\/maps.google.com\/maps?q=Budapest%2C%20Szent%20Istv%C3%A1n%20t%C3%A9r.%201042&#038;t=m&#038;z=16&#038;output=embed&#038;iwloc=near\"\r\n            title=\"Budapest, Szent Istv\u00e1n t\u00e9r. 1042\"\r\n            aria-label=\"Budapest, Szent Istv\u00e1n t\u00e9r. 1042\"\r\n            class=\"cms-map-iframe cms-map-height absolute w-100\"\r\n        ><\/iframe>    \r\n        <div class=\"map-container relative z-top\">\r\n        <!-- <a href=\"https:\/\/maps.google.com\/maps?q=Budapest%2C%20Szent%20Istv%C3%A1n%20t%C3%A9r.%201042&#038;t=m&#038;z=16&#038;iwloc=near\" target=\"_self\" class=\"cms-overlay\"><\/a> -->\r\n            <div class=\"bg-accent cms-heading text-19 cms-radius-t-2 p-30  text-white\">Contact<br>\n<div style=\" font-size: 16px;\">1042 Budapest, Szent Istv\u00e1n t\u00e9r<\/div>    <div class=\"extra-space clearfix\"> <\/div>    <\/div>\r\n    \r\n        <div id=\"cms_map-c2c328e\" class=\"cms-accordion bdr-t-accent relative z-top bg-white cms-radius-b-2\" data-icon-open=\"cmsi-chevron-down\" data-icon-close=\"cmsi-chevron-right\" data-icon-open-color=\"text-white\" data-icon-close-color=\"text-white\" data-title-color=\"darken-primary\" data-title-hover-color=\"accent\">\r\n                            <div class=\"cms-accordion-item bdr-b-border active\" data-target=\"#4405007\">\r\n                    <div class=\"cms-ac-title row gutters-20 justify-content-between align-items-center text-hover-accent cms-transition text-accent\">\r\n                        <div class=\"cms-ac-title-icon col-auto order-first\">\r\n                            <span class=\"cms-ac-title--icon rtl-flip cmsi-chevron-down text-white bg-accent active\"><\/span>\r\n                        <\/div>\r\n                        <div class=\"cms-ac-title-text col text-19 font-700\">Bal\u00e1zs Szilasi<\/div>\r\n                    <\/div>\r\n                    <div id=\"4405007\" class=\"cms-ac-content mb-n3 pl-40 pr-20 pt-15 text-primary text-hover-body text-14 lh-32\" style=\"display:block;\"><i>\u00dcgyvezet\u0151, \u00e9rt\u00e9kes\u00edt\u00e9si vezet\u0151<\/i><br \/>\n<a href=\"mailto:info@innowatt22.com\">info@innowatt22.com<\/a><br \/>\n<a href=\"tel: 36204417136\">+36-20-441-7136<\/a><br \/>\n<a href=\"tel: 36705223243\">+36-70-522-3243<\/a><\/div>\r\n                <\/div>\r\n                            <div class=\"cms-accordion-item bdr-b-border\" data-target=\"#8a61cbf\">\r\n                    <div class=\"cms-ac-title row gutters-20 justify-content-between align-items-center text-hover-accent cms-transition text-darken-primary\">\r\n                        <div class=\"cms-ac-title-icon col-auto order-first\">\r\n                            <span class=\"cms-ac-title--icon rtl-flip cmsi-chevron-right text-white bg-darken-primary\"><\/span>\r\n                        <\/div>\r\n                        <div class=\"cms-ac-title-text col text-19 font-700\">Contact central<\/div>\r\n                    <\/div>\r\n                    <div id=\"8a61cbf\" class=\"cms-ac-content mb-n3 pl-40 pr-20 pt-15 text-primary text-hover-body text-14 lh-32\">1042 Budapest, Szent Istv\u00e1n t\u00e9r<br \/>\ninfo@innowatt22.com<\/div>\r\n                <\/div>\r\n                    <\/div>\r\n    <\/div>\r\n<\/div>\t\t\t\t<\/div>\n\t\t\t\t<\/div>\n\t\t            <\/div>\n                <\/div>\n        <\/div>\n        \t\t            <\/div>\n\t\t        <\/div>\n        <\/div>\n\t\t\t\t<\/div>","protected":false},"excerpt":{"rendered":"<p>KAPCSOLAT 1042 Budapest, Szent Istv\u00e1n t\u00e9r Szilasi Bal\u00e1zs \u00dcgyvezet\u0151, \u00e9rt\u00e9kes\u00edt\u00e9si vezet\u0151 info@innowatt22.com +36-20-441-7136 +36-70-522-3243 K\u00f6zponti el\u00e9rhet\u0151s\u00e9g 1042 Budapest, Szent Istv\u00e1n t\u00e9r info@innowatt22.com<\/p>","protected":false},"author":1,"featured_media":0,"parent":0,"menu_order":15,"comment_status":"closed","ping_status":"closed","template":"","meta":{"footnotes":""},"class_list":["post-152","page","type-page","status-publish","hentry","cms-no-post-thumbnail"],"aioseo_notices":[],"_links":{"self":[{"href":"https:\/\/innowatt22.com\/ro\/wp-json\/wp\/v2\/pages\/152","targetHints":{"allow":["GET"]}}],"collection":[{"href":"https:\/\/innowatt22.com\/ro\/wp-json\/wp\/v2\/pages"}],"about":[{"href":"https:\/\/innowatt22.com\/ro\/wp-json\/wp\/v2\/types\/page"}],"author":[{"embeddable":true,"href":"https:\/\/innowatt22.com\/ro\/wp-json\/wp\/v2\/users\/1"}],"replies":[{"embeddable":true,"href":"https:\/\/innowatt22.com\/ro\/wp-json\/wp\/v2\/comments?post=152"}],"version-history":[{"count":12,"href":"https:\/\/innowatt22.com\/ro\/wp-json\/wp\/v2\/pages\/152\/revisions"}],"predecessor-version":[{"id":5652,"href":"https:\/\/innowatt22.com\/ro\/wp-json\/wp\/v2\/pages\/152\/revisions\/5652"}],"wp:attachment":[{"href":"https:\/\/innowatt22.com\/ro\/wp-json\/wp\/v2\/media?parent=152"}],"curies":[{"name":"wp","href":"https:\/\/api.w.org\/{rel}","templated":true}]}}