{"id":124,"date":"2022-09-29T14:45:45","date_gmt":"2022-09-29T13:45:45","guid":{"rendered":"http:\/\/7oroof.com\/tfdemos\/evway\/?page_id=124"},"modified":"2024-03-27T00:02:29","modified_gmt":"2024-03-26T23:02:29","slug":"fooldal","status":"publish","type":"page","link":"https:\/\/innowatt22.com\/it\/","title":{"rendered":"F\u0151oldal"},"content":{"rendered":"<div data-elementor-type=\"wp-page\" data-elementor-id=\"124\" class=\"elementor elementor-124\" data-elementor-post-type=\"page\">\n\t\t\t\t<div class=\"elementor-element elementor-element-6ce10b5 e-con-full animated-fast e-flex elementor-invisible e-con e-parent\" data-id=\"6ce10b5\" data-element_type=\"container\" data-settings=\"{&quot;animation&quot;:&quot;fadeIn&quot;,&quot;animation_delay&quot;:0,&quot;background_background&quot;:&quot;classic&quot;}\">\n\t\t<div class=\"elementor-element elementor-element-17818b9 e-con-full e-flex e-con e-child\" data-id=\"17818b9\" data-element_type=\"container\" data-settings=\"{&quot;background_background&quot;:&quot;classic&quot;}\">\n\t\t\t\t<\/div>\n\t\t\t\t<\/div>\n\t\t<div class=\"elementor-element elementor-element-1988ccf e-con-full e-flex e-con e-parent\" data-id=\"1988ccf\" data-element_type=\"container\">\n\t\t<div class=\"elementor-element elementor-element-e6d2390 overflow-hidden e-con-full e-flex elementor-invisible e-con e-child\" data-id=\"e6d2390\" data-element_type=\"container\" data-settings=\"{&quot;animation&quot;:&quot;fadeInLeft&quot;}\">\n\t\t\t\t<div class=\"elementor-element elementor-element-c6bd067 elementor-widget elementor-widget-image\" data-id=\"c6bd067\" data-element_type=\"widget\" data-widget_type=\"image.default\">\n\t\t\t\t<div class=\"elementor-widget-container\">\n\t\t\t\t\t\t\t\t\t\t\t\t\t\t\t<img fetchpriority=\"high\" decoding=\"async\" width=\"1691\" height=\"2560\" src=\"https:\/\/innowatt22.com\/wp-content\/uploads\/2024\/02\/unnamed-4-scaled.jpg\" class=\"attachment-full size-full wp-image-5683\" alt=\"\" srcset=\"https:\/\/innowatt22.com\/wp-content\/uploads\/2024\/02\/unnamed-4-scaled.jpg 1691w, https:\/\/innowatt22.com\/wp-content\/uploads\/2024\/02\/unnamed-4-1014x1536.jpg 1014w, https:\/\/innowatt22.com\/wp-content\/uploads\/2024\/02\/unnamed-4-1353x2048.jpg 1353w, https:\/\/innowatt22.com\/wp-content\/uploads\/2024\/02\/unnamed-4-8x12.jpg 8w\" sizes=\"(max-width: 1691px) 100vw, 1691px\" \/>\t\t\t\t\t\t\t\t\t\t\t\t\t\t\t<\/div>\n\t\t\t\t<\/div>\n\t\t\t\t<\/div>\n\t\t<div class=\"elementor-element elementor-element-6dfac29 e-con-full e-flex elementor-invisible e-con e-child\" data-id=\"6dfac29\" data-element_type=\"container\" data-settings=\"{&quot;animation&quot;:&quot;fadeInLeft&quot;,&quot;background_background&quot;:&quot;gradient&quot;}\">\n\t\t<div class=\"elementor-element elementor-element-de6a3ce e-con-full e-flex e-con e-child\" data-id=\"de6a3ce\" data-element_type=\"container\">\n\t\t\t\t<div class=\"elementor-element elementor-element-1e130ff elementor-widget elementor-widget-heading\" data-id=\"1e130ff\" data-element_type=\"widget\" data-widget_type=\"heading.default\">\n\t\t\t\t<div class=\"elementor-widget-container\">\n\t\t\t\t\t<h2 class=\"elementor-heading-title elementor-size-default\">Come funziona?<\/h2>\t\t\t\t<\/div>\n\t\t\t\t<\/div>\n\t\t\t\t<div class=\"elementor-element elementor-element-902317f elementor-widget elementor-widget-text-editor\" data-id=\"902317f\" data-element_type=\"widget\" data-widget_type=\"text-editor.default\">\n\t\t\t\t<div class=\"elementor-widget-container\">\n\t\t\t\t\t\t\t\t\t<p><span style=\"color: #000000;\">Scopri i vantaggi del modulo di riscaldamento!<\/span><\/p>\t\t\t\t\t\t\t\t<\/div>\n\t\t\t\t<\/div>\n\t\t\t\t<div class=\"elementor-element elementor-element-2e14567 elementor-align-center elementor-widget elementor-widget-global elementor-global-5178 elementor-widget-button\" data-id=\"2e14567\" data-element_type=\"widget\" data-widget_type=\"button.default\">\n\t\t\t\t<div class=\"elementor-widget-container\">\n\t\t\t\t\t\t\t\t\t<div class=\"elementor-button-wrapper\">\n\t\t\t\t\t<a class=\"elementor-button elementor-button-link elementor-size-sm elementor-animation-shrink\" href=\"https:\/\/innowatt22.com\/it\/hogyan-mukodik\/\">\n\t\t\t\t\t\t<span class=\"elementor-button-content-wrapper\">\n\t\t\t\t\t\t\t\t\t<span class=\"elementor-button-text\">Ulteriori informazioni<\/span>\n\t\t\t\t\t<\/span>\n\t\t\t\t\t<\/a>\n\t\t\t\t<\/div>\n\t\t\t\t\t\t\t\t<\/div>\n\t\t\t\t<\/div>\n\t\t\t\t<\/div>\n\t\t\t\t<\/div>\n\t\t\t\t<\/div>\n\t\t<div class=\"elementor-element elementor-element-c741cac e-con-full e-flex e-con e-parent\" data-id=\"c741cac\" data-element_type=\"container\">\n\t\t\t\t<div class=\"elementor-element elementor-element-6e7132f cms-swiper-nav-header-ontop cms-slider-overlay-1 cms-slider-layout-1 elementor-widget elementor-widget-cms_slider\" data-id=\"6e7132f\" data-element_type=\"widget\" data-widget_type=\"cms_slider.default\">\n\t\t\t\t<div class=\"elementor-widget-container\">\n\t\t\t\t\t <div class=\"cms-sliders-wrap\">\n\t<div class=\"cms-slider-container cms-swiper-arrows-true cms-swiper-arrows-laptop-true cms-swiper-arrows-tablet-extra-false cms-swiper-arrows-tablet-false cms-swiper-arrows-mobile-extra-false cms-swiper-arrows-mobile-false cms-swiper-arrows-icon-chevron cms-swiper-nav-in-vertical cms-swiper-dots-true cms-swiper-dots-tablet-true cms-swiper-dots-mobile-true cms-swiper-dots-color-white cms-swiper-dots-color-hover-accent cms-swiper-dots-align-center cms-swiper-dots-align-tablet-center cms-swiper-dots-align-mobile-center overflow-hidden cms-swiper-dots-in\" dir=\"ltr\" data-settings=\"{&quot;slide_direction&quot;:&quot;horizontal&quot;,&quot;slide_percolumn&quot;:1,&quot;slide_percolumnfill&quot;:&quot;column&quot;,&quot;slide_mode&quot;:&quot;slide&quot;,&quot;slides_to_show&quot;:1,&quot;slides_to_show_widescreen&quot;:1,&quot;slides_to_show_laptop&quot;:1,&quot;slides_to_show_tablet_extra&quot;:1,&quot;slides_to_show_tablet&quot;:1,&quot;slides_to_show_mobile_extra&quot;:1,&quot;slides_to_show_mobile&quot;:1,&quot;slides_to_scroll&quot;:1,&quot;slides_to_scroll_widescreen&quot;:1,&quot;slides_to_scroll_laptop&quot;:1,&quot;slides_to_scroll_tablet_extra&quot;:1,&quot;slides_to_scroll_tablet&quot;:1,&quot;slides_to_scroll_mobile_extra&quot;:1,&quot;slides_to_scroll_mobile&quot;:1,&quot;slides_gutter&quot;:40,&quot;arrow&quot;:&quot;true&quot;,&quot;arrow_tablet&quot;:&quot;false&quot;,&quot;arrow_mobile&quot;:&quot;false&quot;,&quot;dots&quot;:&quot;true&quot;,&quot;dots_el&quot;:&quot;.cms-swiper-dots&quot;,&quot;dots_tablet&quot;:&quot;true&quot;,&quot;dots_mobile&quot;:&quot;true&quot;,&quot;dots_style&quot;:&quot;divider&quot;,&quot;autoplay&quot;:&quot;true&quot;,&quot;pause_on_hover&quot;:&quot;true&quot;,&quot;pause_on_interaction&quot;:&quot;true&quot;,&quot;delay&quot;:7000,&quot;loop&quot;:&quot;true&quot;,&quot;speed&quot;:300}\">\n\t\t        <div class=\"cms-swiper-slider swiper-wrapper h-100\">\n\t\t\t\t\t\t\t\t<div class=\"cms-slider-item swiper-slide\">\n\t\t\t\t\t\t<div class=\"cms-slide-img h-100 elementor-repeater-item-4e800e9\" style=\"background-image:url(https:\/\/innowatt22.com\/wp-content\/uploads\/2023\/07\/slider_06.webp)\">\n\t\t\t\t\t\t\t<img decoding=\"async\" class=\"w-100 h-100 img-cover\" src=\"https:\/\/innowatt22.com\/wp-content\/uploads\/2023\/07\/slider_06.webp\" alt=\"innowatt22.com\" \/>\n\t\t\t\t\t\t\t<div class=\"cms-slide-img-overlay cms-overlay\"><\/div>\n\t\t\t\t\t\t<\/div>\n\t\t\t\t\t\t<div class=\"cms-slide-content cms-overlay container\">\n\t\t\t\t\t\t\t<div class=\"cms-slide-content-inner h-100 pt-30\">\n\t\t\t\t\t\t\t\t<div class=\"row gutters-30 gutters-grid h-100 text-start justify-content-start align-items-center align-items-center\">\n\t\t\t\t\t\t\t\t\t<div class=\"col cms-slider-content-text elementor-repeater-item-4e800e9\">\n\t\t\t\t\t\t\t\t\t\t<div class=\"small-heading pb-7 text-tablet-17 lh-1\/588 font-700 text-white    cms-animate cms-invisible\" data-settings=\"{&quot;animation&quot;:&quot;fadeInLeft&quot;,&quot;animation_delay&quot;:300}\"><\/div>\n\t\t\t\t\t\t\t\t\t\t<div class=\"large-heading text-30 text-tablet-40 text-tablet-extra-50 text-desktop-75 lh-1\/13 heading text-white    cms-animate cms-invisible\" data-settings=\"{&quot;animation&quot;:&quot;fadeInLeft&quot;,&quot;animation_delay&quot;:600}\">\u00c8 il momento di risparmiare sulla bolletta del riscaldamento.<\/div>\n\t\t\t\t\t\t\t\t\t\t<div class=\"description pt-20 text-tablet-17 lh-1\/588 font-700 text-white   elementor-hidden-phone cms-animate cms-invisible\" data-settings=\"{&quot;animation&quot;:&quot;fadeInLeft&quot;,&quot;animation_delay&quot;:900}\"><\/div>\n\t\t\t\t\t\t\t\t\t\t<div class=\"d-flex\">\n\t\t\t\t\t\t\t\t\t\t\t<div class=\"cms-slider-icons row gutters-30 gutters-grid align-items-center jusity-content-start empty-none    pt-30 pr-30\"><\/div>\n\t\t\t\t\t\t\t\t\t\t\t<div class=\"cms-slider-buttons row gutters-30 gutters-grid pt-25 align-items-center empty-none align-items-start\">        <div class=\"cms-btn-wraps col-auto text-start\" >\r\n                <a href=\"https:\/\/innowatt22.com\/it\/hogyan-mukodik\/\" class=\"btn btn-fill btn-accent text-primary btn-hover-fill btn-hover-accent text-hover-white btn-lg w-mobile-auto w-extra-mobile-auto w-tablet-auto w-tablet-extra-100 w-laptop-100 w-widescreen-auto btn-no-icon 1 cms-animate elementor-invisible\" data-settings='{\"_animation\":\"fadeInRight\",\"animation\":\"fadeInRight\",\"animation_delay\":1200}'>\r\n                <span class=\"cms-btn-content justify-content-center\">\r\n                                        <span class=\"cms-btn-text text-center\">Come funziona?<\/span>\r\n                                    <\/span>\r\n            <\/a>\r\n                <\/div>\r\n    <\/div>\n\t\t\t\t\t\t\t\t\t\t<\/div>\n\t\t\t\t\t\t\t\t\t<\/div>\n\t\t\t\t\t\t\t\t\t\t\t\t\t\t\t\t\t<\/div>\n\t\t\t\t\t\t\t<\/div>\n\t\t\t\t\t\t<\/div>\n\t\t\t\t\t<\/div>\n\t\t\t\t\t\t\t\t\t<div class=\"cms-slider-item swiper-slide\">\n\t\t\t\t\t\t<div class=\"cms-slide-img h-100 elementor-repeater-item-c95696b\" style=\"background-image:url(https:\/\/innowatt22.com\/wp-content\/uploads\/2023\/06\/slider_02.webp)\">\n\t\t\t\t\t\t\t<img decoding=\"async\" class=\"w-100 h-100 img-cover\" src=\"https:\/\/innowatt22.com\/wp-content\/uploads\/2023\/06\/slider_02.webp\" alt=\"innowatt22.com\" \/>\n\t\t\t\t\t\t\t<div class=\"cms-slide-img-overlay cms-overlay\"><\/div>\n\t\t\t\t\t\t<\/div>\n\t\t\t\t\t\t<div class=\"cms-slide-content cms-overlay container\">\n\t\t\t\t\t\t\t<div class=\"cms-slide-content-inner h-100 pt-30\">\n\t\t\t\t\t\t\t\t<div class=\"row gutters-30 gutters-grid h-100 text-start justify-content-start align-items-center align-items-center\">\n\t\t\t\t\t\t\t\t\t<div class=\"col cms-slider-content-text elementor-repeater-item-c95696b\">\n\t\t\t\t\t\t\t\t\t\t<div class=\"small-heading pb-7 text-tablet-17 lh-1\/588 font-700 text-white    cms-animate cms-invisible\" data-settings=\"{&quot;animation&quot;:&quot;fadeInLeft&quot;,&quot;animation_delay&quot;:300}\"><\/div>\n\t\t\t\t\t\t\t\t\t\t<div class=\"large-heading text-30 text-tablet-40 text-tablet-extra-50 text-desktop-75 lh-1\/13 heading text-white    cms-animate cms-invisible\" data-settings=\"{&quot;animation&quot;:&quot;fadeInLeft&quot;,&quot;animation_delay&quot;:600}\">INNOWATT f\u0171t\u0151modul - \n<br>\n\nA t\u00e9lbe is nyarat hozunk!<\/div>\n\t\t\t\t\t\t\t\t\t\t<div class=\"description pt-20 text-tablet-17 lh-1\/588 font-700 text-white   elementor-hidden-phone cms-animate cms-invisible\" data-settings=\"{&quot;animation&quot;:&quot;fadeInLeft&quot;,&quot;animation_delay&quot;:900}\"><\/div>\n\t\t\t\t\t\t\t\t\t\t<div class=\"d-flex\">\n\t\t\t\t\t\t\t\t\t\t\t<div class=\"cms-slider-icons row gutters-30 gutters-grid align-items-center jusity-content-start empty-none    pt-30 pr-30\"><\/div>\n\t\t\t\t\t\t\t\t\t\t\t<div class=\"cms-slider-buttons row gutters-30 gutters-grid pt-25 align-items-center empty-none align-items-start\">        <div class=\"cms-btn-wraps col-auto text-start\" >\r\n                <a href=\"https:\/\/innowatt22.com\/it\/ajanlat\/\" class=\"btn btn-fill btn-accent text-primary btn-hover-fill btn-hover-accent text-hover-white btn-lg w-mobile-auto w-extra-mobile-auto w-tablet-auto w-tablet-extra-100 w-laptop-100 w-widescreen-auto btn-no-icon 1 cms-animate elementor-invisible\" data-settings='{\"_animation\":\"fadeInRight\",\"animation\":\"fadeInRight\",\"animation_delay\":1200}'>\r\n                <span class=\"cms-btn-content justify-content-center\">\r\n                                        <span class=\"cms-btn-text text-center\">Richiedi un preventivo!<\/span>\r\n                                    <\/span>\r\n            <\/a>\r\n                <\/div>\r\n    <\/div>\n\t\t\t\t\t\t\t\t\t\t<\/div>\n\t\t\t\t\t\t\t\t\t<\/div>\n\t\t\t\t\t\t\t\t\t\t\t\t\t\t\t\t\t<\/div>\n\t\t\t\t\t\t\t<\/div>\n\t\t\t\t\t\t<\/div>\n\t\t\t\t\t<\/div>\n\t\t\t\t        <\/div>\n                    <div class=\"cms-swiper-dots cms-swiper-dots--dots cms-swiper-dots-color-white cms-swiper-dots-color-hover-accent cms-swiper-dots-divider justify-content-center\"><\/div>\r\n                    <div class=\"cms-swiper-arrow cms-swiper-arrows-size-44 cms-swiper-arrows-shape-square square cms-swiper-arrows-outline-no text-white text-hover-accent bg-transparent bg-hover-transparent cms-transition cms-swiper-arrow-prev\"><span class=\"cmsi-icon prev-icon\"><\/span><\/div>\r\n            <div class=\"cms-swiper-arrow cms-swiper-arrows-size-44 cms-swiper-arrows-shape-square square cms-swiper-arrows-outline-no text-white text-hover-accent bg-transparent bg-hover-transparent cms-transition cms-swiper-arrow-next\"><span class=\"cmsi-icon next-icon\"><\/span><\/div>\r\n            <\/div>\n<\/div>\t\t\t\t<\/div>\n\t\t\t\t<\/div>\n\t\t\t\t<\/div>\n\t\t\t\t<\/div>","protected":false},"excerpt":{"rendered":"<p>HOGYAN M\u0170K\u00d6DIK? N\u00e9zze meg a f\u0171t\u0151modul el\u0151nyeit! TOV\u00c1BBI INFORM\u00c1CI\u00d3 Itt az ideje sp\u00f3rolni a f\u0171t\u00e9ssz\u00e1ml\u00e1n Hogyan m\u0171k\u00f6dik? INNOWATT f\u0171t\u0151modul &#8211; A t\u00e9lbe is nyarat hozunk! K\u00c9RJEN AJ\u00c1NLATOT<\/p>","protected":false},"author":1,"featured_media":0,"parent":0,"menu_order":0,"comment_status":"closed","ping_status":"closed","template":"","meta":{"footnotes":""},"class_list":["post-124","page","type-page","status-publish","hentry","cms-no-post-thumbnail"],"aioseo_notices":[],"_links":{"self":[{"href":"https:\/\/innowatt22.com\/it\/wp-json\/wp\/v2\/pages\/124","targetHints":{"allow":["GET"]}}],"collection":[{"href":"https:\/\/innowatt22.com\/it\/wp-json\/wp\/v2\/pages"}],"about":[{"href":"https:\/\/innowatt22.com\/it\/wp-json\/wp\/v2\/types\/page"}],"author":[{"embeddable":true,"href":"https:\/\/innowatt22.com\/it\/wp-json\/wp\/v2\/users\/1"}],"replies":[{"embeddable":true,"href":"https:\/\/innowatt22.com\/it\/wp-json\/wp\/v2\/comments?post=124"}],"version-history":[{"count":33,"href":"https:\/\/innowatt22.com\/it\/wp-json\/wp\/v2\/pages\/124\/revisions"}],"predecessor-version":[{"id":5748,"href":"https:\/\/innowatt22.com\/it\/wp-json\/wp\/v2\/pages\/124\/revisions\/5748"}],"wp:attachment":[{"href":"https:\/\/innowatt22.com\/it\/wp-json\/wp\/v2\/media?parent=124"}],"curies":[{"name":"wp","href":"https:\/\/api.w.org\/{rel}","templated":true}]}}