{"id":4578,"date":"2022-11-14T15:33:06","date_gmt":"2022-11-14T14:33:06","guid":{"rendered":"https:\/\/innowatt22.com\/?page_id=4578"},"modified":"2022-11-21T19:19:13","modified_gmt":"2022-11-21T18:19:13","slug":"ajanlat","status":"publish","type":"page","link":"https:\/\/innowatt22.com\/fr\/ajanlat\/","title":{"rendered":"Demande de devis"},"content":{"rendered":"<div data-elementor-type=\"wp-page\" data-elementor-id=\"4578\" class=\"elementor elementor-4578\" data-elementor-post-type=\"page\">\n\t\t\t\t        <div class=\"elementor-section elementor-top-section elementor-element elementor-element-626c5a0 elementor-section-boxed elementor-section-height-default elementor-section-height-default cms-remove-container-max-width-no cms-boxed-bg-false cms-overlay-gradient-mode-bt cms-overlay-gradient-bg-yes\" data-id=\"626c5a0\" data-element_type=\"section\">\n\t\t\n\t\t<div class=\"cms-overlay-gradient\"><\/div><div class=\"cms-section-boxed-bg\"><\/div>        <div class=\"elementor-container elementor-column-gap-default\" >\n\t\t            <div class=\"elementor-row\">\n\t\t        <div class=\"elementor-column elementor-col-100 elementor-top-column elementor-element elementor-element-1a4a588\" data-id=\"1a4a588\" data-element_type=\"column\">\n        <div class=\"elementor-column-wrap elementor-element-populated\">\n                            <div class=\"elementor-widget-wrap\">\n                \t\t<div class=\"elementor-element elementor-element-01a669e elementor-widget elementor-widget-wpforms\" data-id=\"01a669e\" data-element_type=\"widget\" data-widget_type=\"wpforms.default\">\n\t\t\t\t<div class=\"elementor-widget-container\">\n\t\t\t\t\t<div class=\"wpforms-container wpforms-container-full\" id=\"wpforms-4620\"><form id=\"wpforms-form-4620\" class=\"wpforms-validate wpforms-form wpforms-ajax-form\" data-formid=\"4620\" method=\"post\" enctype=\"multipart\/form-data\" action=\"\/fr\/wp-json\/wp\/v2\/pages\/4578\" data-token=\"f1e2ba4e75b6ec21a67beeda9833b157\" data-trp-original-action=\"\/fr\/wp-json\/wp\/v2\/pages\/4578\"><noscript class=\"wpforms-error-noscript\">Veuillez activer JavaScript dans votre navigateur pour remplir ce formulaire.<\/noscript><div class=\"wpforms-field-container\"><div id=\"wpforms-4620-field_1-container\" class=\"wpforms-field wpforms-field-text\" data-field-id=\"1\"><label class=\"wpforms-field-label\" for=\"wpforms-4620-field_1\">Nom <span class=\"wpforms-required-label\">*<\/span><\/label><input type=\"text\" id=\"wpforms-4620-field_1\" class=\"wpforms-field-large wpforms-field-required\" name=\"wpforms[fields][1]\" required><\/div><div id=\"wpforms-4620-field_4-container\" class=\"wpforms-field wpforms-field-text\" data-field-id=\"4\"><label class=\"wpforms-field-label\" for=\"wpforms-4620-field_4\">Num\u00e9ro de t\u00e9l\u00e9phone <span class=\"wpforms-required-label\">*<\/span><\/label><input type=\"text\" id=\"wpforms-4620-field_4\" class=\"wpforms-field-large wpforms-field-required wpforms-masked-input\" data-rule-inputmask-incomplete=\"1\" data-inputmask-mask=\"+36 99 999 999[9]\" name=\"wpforms[fields][4]\" required><\/div><div id=\"wpforms-4620-field_5-container\" class=\"wpforms-field wpforms-field-text\" data-field-id=\"5\"><label class=\"wpforms-field-label\" for=\"wpforms-4620-field_5\">Adresse <span class=\"wpforms-required-label\">*<\/span><\/label><input type=\"text\" id=\"wpforms-4620-field_5\" class=\"wpforms-field-large wpforms-field-required\" name=\"wpforms[fields][5]\" required><\/div><div id=\"wpforms-4620-field_2-container\" class=\"wpforms-field wpforms-field-email\" data-field-id=\"2\"><label class=\"wpforms-field-label\" for=\"wpforms-4620-field_2\">Nombre d'\u00e9tages <span class=\"wpforms-required-label\">*<\/span><\/label><input type=\"email\" id=\"wpforms-4620-field_2\" class=\"wpforms-field-large wpforms-field-required\" name=\"wpforms[fields][2]\" spellcheck=\"false\" required><\/div><div id=\"wpforms-4620-field_19-container\" class=\"wpforms-field wpforms-field-number\" data-field-id=\"19\"><label class=\"wpforms-field-label\" for=\"wpforms-4620-field_19\">Nombre d'\u00e9tages <span class=\"wpforms-required-label\">*<\/span><\/label><input type=\"number\" pattern=\"\\d*\" id=\"wpforms-4620-field_19\" class=\"wpforms-field-large wpforms-field-required\" name=\"wpforms[fields][19]\" required><\/div><div id=\"wpforms-4620-field_26-container\" class=\"wpforms-field wpforms-field-text\" data-field-id=\"26\"><label class=\"wpforms-field-label\" for=\"wpforms-4620-field_26\">Surface au sol (m2)<\/label><input type=\"text\" id=\"wpforms-4620-field_26\" class=\"wpforms-field-large wpforms-masked-input\" data-rule-inputmask-incomplete=\"1\" data-inputmask-mask=\"9[9][9][9][9][9] n\u00e9gyzetm\u00e9ter\" name=\"wpforms[fields][26]\" ><\/div><div id=\"wpforms-4620-field_8-container\" class=\"wpforms-field wpforms-field-text\" data-field-id=\"8\"><label class=\"wpforms-field-label\" for=\"wpforms-4620-field_8\">Type de b\u00e2timent<\/label><input type=\"text\" id=\"wpforms-4620-field_8\" class=\"wpforms-field-large\" name=\"wpforms[fields][8]\" ><\/div><div id=\"wpforms-4620-field_25-container\" class=\"wpforms-field wpforms-field-text\" data-field-id=\"25\"><label class=\"wpforms-field-label\" for=\"wpforms-4620-field_25\">Facture de gaz (co\u00fbt annuel)<\/label><input type=\"text\" id=\"wpforms-4620-field_25\" class=\"wpforms-field-medium wpforms-masked-input\" data-rule-inputmask-incomplete=\"1\" data-inputmask-mask=\"9[9][9][9][9][9][9][9] (ft \/ \u00e9v)\" name=\"wpforms[fields][25]\" ><\/div><div id=\"wpforms-4620-field_10-container\" class=\"wpforms-field wpforms-field-radio\" data-field-id=\"10\"><label class=\"wpforms-field-label\" for=\"wpforms-4620-field_10\">Radiateur<\/label><ul id=\"wpforms-4620-field_10\"><li class=\"choice-1 depth-1\"><input type=\"radio\" id=\"wpforms-4620-field_10_1\" name=\"wpforms[fields][10]\" value=\"Lemez\"  ><label class=\"wpforms-field-label-inline\" for=\"wpforms-4620-field_10_1\">T\u00f4le<\/label><\/li><li class=\"choice-2 depth-1\"><input type=\"radio\" id=\"wpforms-4620-field_10_2\" name=\"wpforms[fields][10]\" value=\"\u00d6nt\u00f6ttvas\"  ><label class=\"wpforms-field-label-inline\" for=\"wpforms-4620-field_10_2\">Fonte<\/label><\/li><\/ul><\/div><div id=\"wpforms-4620-field_11-container\" class=\"wpforms-field wpforms-field-radio\" data-field-id=\"11\"><label class=\"wpforms-field-label\" for=\"wpforms-4620-field_11\">Chauffage au sol <span class=\"wpforms-required-label\">*<\/span><\/label><ul id=\"wpforms-4620-field_11\" class=\"wpforms-field-required\"><li class=\"choice-1 depth-1\"><input type=\"radio\" id=\"wpforms-4620-field_11_1\" name=\"wpforms[fields][11]\" value=\"Van\" required><label class=\"wpforms-field-label-inline\" for=\"wpforms-4620-field_11_1\">Oui<\/label><\/li><li class=\"choice-2 depth-1\"><input type=\"radio\" id=\"wpforms-4620-field_11_2\" name=\"wpforms[fields][11]\" value=\"Nincs\" required><label class=\"wpforms-field-label-inline\" for=\"wpforms-4620-field_11_2\">Non<\/label><\/li><\/ul><\/div><div id=\"wpforms-4620-field_27-container\" class=\"wpforms-field wpforms-field-radio\" data-field-id=\"27\"><label class=\"wpforms-field-label\" for=\"wpforms-4620-field_27\">Rendelkezik-e napelem rendszerrel? <span class=\"wpforms-required-label\">*<\/span><\/label><ul id=\"wpforms-4620-field_27\" class=\"wpforms-field-required\"><li class=\"choice-1 depth-1\"><input type=\"radio\" id=\"wpforms-4620-field_27_1\" name=\"wpforms[fields][27]\" value=\"Van\" required><label class=\"wpforms-field-label-inline\" for=\"wpforms-4620-field_27_1\">Oui<\/label><\/li><li class=\"choice-2 depth-1\"><input type=\"radio\" id=\"wpforms-4620-field_27_2\" name=\"wpforms[fields][27]\" value=\"Nincs\" required><label class=\"wpforms-field-label-inline\" for=\"wpforms-4620-field_27_2\">Non<\/label><\/li><\/ul><\/div><div id=\"wpforms-4620-field_28-container\" class=\"wpforms-field wpforms-field-text\" data-field-id=\"28\"><label class=\"wpforms-field-label\" for=\"wpforms-4620-field_28\">Napelem rendszer teljes\u00edtm\u00e9nye. (Ha rendelkezik vele.)<\/label><input type=\"text\" id=\"wpforms-4620-field_28\" class=\"wpforms-field-large\" name=\"wpforms[fields][28]\" ><\/div><div id=\"wpforms-4620-field_12-container\" class=\"wpforms-field wpforms-field-text\" data-field-id=\"12\"><label class=\"wpforms-field-label\" for=\"wpforms-4620-field_12\">Syst\u00e8me \u00e9lectrique (phase x A)<\/label><input type=\"text\" id=\"wpforms-4620-field_12\" class=\"wpforms-field-large wpforms-masked-input\" data-rule-inputmask-incomplete=\"1\" data-inputmask-mask=\"9x9[9]A\" name=\"wpforms[fields][12]\" ><\/div><div id=\"wpforms-4620-field_13-container\" class=\"wpforms-field wpforms-field-text\" data-field-id=\"13\"><label class=\"wpforms-field-label\" for=\"wpforms-4620-field_13\">Puissance de la chaudi\u00e8re \u00e0 gaz (kW)<\/label><input type=\"text\" id=\"wpforms-4620-field_13\" class=\"wpforms-field-large wpforms-masked-input\" data-rule-inputmask-incomplete=\"1\" data-inputmask-mask=\"9[9][9][9][9][9] kW\" name=\"wpforms[fields][13]\" ><\/div><div id=\"wpforms-4620-field_14-container\" class=\"wpforms-field wpforms-field-text\" data-field-id=\"14\"><label class=\"wpforms-field-label\" for=\"wpforms-4620-field_14\">Mat\u00e9riau du syst\u00e8me de chauffage<\/label><input type=\"text\" id=\"wpforms-4620-field_14\" class=\"wpforms-field-large\" name=\"wpforms[fields][14]\" ><\/div><div id=\"wpforms-4620-field_23-container\" class=\"wpforms-field wpforms-field-text\" data-field-id=\"23\"><label class=\"wpforms-field-label\" for=\"wpforms-4620-field_23\">R\u00e9servoir tampon (litres)<\/label><input type=\"text\" id=\"wpforms-4620-field_23\" class=\"wpforms-field-large wpforms-masked-input\" data-rule-inputmask-incomplete=\"1\" data-inputmask-mask=\"9[9][9][9][9][9] l\" name=\"wpforms[fields][23]\" ><\/div><div id=\"wpforms-4620-field_24-container\" class=\"wpforms-field wpforms-field-text\" data-field-id=\"24\"><label class=\"wpforms-field-label\" for=\"wpforms-4620-field_24\">R\u00e9servoir de stockage indirect (litres)<\/label><input type=\"text\" id=\"wpforms-4620-field_24\" class=\"wpforms-field-medium wpforms-masked-input\" data-rule-inputmask-incomplete=\"1\" data-inputmask-mask=\"9[9][9][9][9][9] l\" name=\"wpforms[fields][24]\" ><\/div><div id=\"wpforms-4620-field_17-container\" class=\"wpforms-field wpforms-field-radio\" data-field-id=\"17\"><label class=\"wpforms-field-label\" for=\"wpforms-4620-field_17\">Est-ce que de l'eau chaude sanitaire est n\u00e9cessaire ?<\/label><ul id=\"wpforms-4620-field_17\"><li class=\"choice-1 depth-1\"><input type=\"radio\" id=\"wpforms-4620-field_17_1\" name=\"wpforms[fields][17]\" value=\"Igen\"  ><label class=\"wpforms-field-label-inline\" for=\"wpforms-4620-field_17_1\">Oui<\/label><\/li><li class=\"choice-2 depth-1\"><input type=\"radio\" id=\"wpforms-4620-field_17_2\" name=\"wpforms[fields][17]\" value=\"Ne\"  ><label class=\"wpforms-field-label-inline\" for=\"wpforms-4620-field_17_2\">Non<\/label><\/li><\/ul><\/div><div id=\"wpforms-4620-field_18-container\" class=\"wpforms-field wpforms-field-textarea\" data-field-id=\"18\"><label class=\"wpforms-field-label\" for=\"wpforms-4620-field_18\">Exigence suppl\u00e9mentaire \/ commentaire<\/label><textarea id=\"wpforms-4620-field_18\" class=\"wpforms-field-medium\" name=\"wpforms[fields][18]\" ><\/textarea><\/div><div id=\"wpforms-4620-field_20-container\" class=\"wpforms-field wpforms-field-gdpr-checkbox\" data-field-id=\"20\"><ul id=\"wpforms-4620-field_20\" class=\"wpforms-field-required\"><li class=\"choice-1\"><input type=\"checkbox\" id=\"wpforms-4620-field_20_1\" name=\"wpforms[fields][20][]\" value=\"Elolvastam \u00e9s elfogadom az adatkezel\u00e9si t\u00e1j\u00e9koztat\u00f3ban foglaltakat. &lt;a target=&quot;_blank&quot; href=&quot;\/adatkezelesi-tajekoztato&quot; class=&quot;greenlink&quot;&gt;Tov\u00e1bbi inform\u00e1ci\u00f3&lt;\/a&gt;.\" required><label class=\"wpforms-field-label-inline\" for=\"wpforms-4620-field_20_1\">J'ai lu et j'accepte les dispositions de la politique de confidentialit\u00e9. <a target=\"_blank\" href=\"https:\/\/innowatt22.com\/fr\/adatkezelesi-tajekoztato\/\" class=\"greenlink\">Informations suppl\u00e9mentaires<\/a>.<\/label><\/li><\/ul><\/div><\/div><!-- .wpforms-field-container --><div class=\"wpforms-submit-container\" ><input type=\"hidden\" name=\"wpforms[id]\" value=\"4620\"><input type=\"hidden\" name=\"wpforms[author]\" value=\"1\"><button type=\"submit\" name=\"wpforms[submit]\" id=\"wpforms-submit-4620\" class=\"wpforms-submit\" data-alt-text=\"K\u00fcld\u00e9s...\" data-submit-text=\"K\u00fcld\u00e9s\" aria-live=\"assertive\" value=\"wpforms-submit\">Envoyer<\/button><img decoding=\"async\" src=\"https:\/\/innowatt22.com\/wp-content\/plugins\/wpforms-lite\/assets\/images\/submit-spin.svg\" class=\"wpforms-submit-spinner\" style=\"display: none;\" width=\"26\" height=\"26\" alt=\"Chargement en cours\"><\/div><input type=\"hidden\" name=\"trp-form-language\" value=\"fr\"\/><\/form><\/div>  <!-- .wpforms-container -->\t\t\t\t<\/div>\n\t\t\t\t<\/div>\n\t\t            <\/div>\n                <\/div>\n        <\/div>\n        \t\t            <\/div>\n\t\t        <\/div>\n        <\/div>\n\t\t\t\t<\/div>","protected":false},"excerpt":{"rendered":"","protected":false},"author":1,"featured_media":0,"parent":0,"menu_order":0,"comment_status":"closed","ping_status":"closed","template":"","meta":{"footnotes":""},"class_list":["post-4578","page","type-page","status-publish","hentry","cms-no-post-thumbnail"],"aioseo_notices":[],"_links":{"self":[{"href":"https:\/\/innowatt22.com\/fr\/wp-json\/wp\/v2\/pages\/4578","targetHints":{"allow":["GET"]}}],"collection":[{"href":"https:\/\/innowatt22.com\/fr\/wp-json\/wp\/v2\/pages"}],"about":[{"href":"https:\/\/innowatt22.com\/fr\/wp-json\/wp\/v2\/types\/page"}],"author":[{"embeddable":true,"href":"https:\/\/innowatt22.com\/fr\/wp-json\/wp\/v2\/users\/1"}],"replies":[{"embeddable":true,"href":"https:\/\/innowatt22.com\/fr\/wp-json\/wp\/v2\/comments?post=4578"}],"version-history":[{"count":0,"href":"https:\/\/innowatt22.com\/fr\/wp-json\/wp\/v2\/pages\/4578\/revisions"}],"wp:attachment":[{"href":"https:\/\/innowatt22.com\/fr\/wp-json\/wp\/v2\/media?parent=4578"}],"curies":[{"name":"wp","href":"https:\/\/api.w.org\/{rel}","templated":true}]}}