{"id":132,"date":"2022-09-29T14:48:55","date_gmt":"2022-09-29T13:48:55","guid":{"rendered":"http:\/\/7oroof.com\/tfdemos\/evway\/?page_id=132"},"modified":"2024-02-15T17:15:52","modified_gmt":"2024-02-15T16:15:52","slug":"hogyan-mukodik","status":"publish","type":"page","link":"https:\/\/innowatt22.com\/en\/hogyan-mukodik\/","title":{"rendered":"Gal\u00e9ria"},"content":{"rendered":"<div data-elementor-type=\"wp-page\" data-elementor-id=\"132\" class=\"elementor elementor-132\" data-elementor-post-type=\"page\">\n\t\t\t\t<div class=\"elementor-element elementor-element-7140198 e-con-full e-flex e-con e-parent\" data-id=\"7140198\" data-element_type=\"container\">\n\t\t<div class=\"elementor-element elementor-element-7ca4353 e-con-full e-flex e-con e-child\" data-id=\"7ca4353\" data-element_type=\"container\">\n\t\t\t\t<div class=\"elementor-element elementor-element-4982208 cms-page-title-layout-7 elementor-widget elementor-widget-cms_page_title\" data-id=\"4982208\" data-element_type=\"widget\" data-widget_type=\"cms_page_title.default\">\n\t\t\t\t<div class=\"elementor-widget-container\">\n\t\t\t\t\t<div class=\"cms-page-title-wrapper cms-overlay-gradient-1 text-center\" style=\"background-image:url(https:\/\/innowatt22.com\/wp-content\/uploads\/2023\/08\/innowatt_futomodul_home_01.webp);\">\r\n    <div class=\"cms-page-title-overlay cms-page-title-gradient cms-overlay-gradient\"><\/div>\r\n    <div class=\"extra-space-top pt-50 pt-tablet-90 pt-desktop-130\"><\/div>\r\n    <div class=\"container\">\r\n        <div class=\"row empty-none justify-content-center\">\r\n            <div class=\"cms-page-title-content-col col-12 col-mobile-8 col-tablet-6\">\r\n                <div class=\"cms-page-title-content\">\r\n                        <h1 class=\"cms-mainheading cms-heading text-tablet-50 text-tablet-extra-75 font-600 lh-1\/13  text-white\">Gal\u00e9ria    <div class=\"extra-space clearfix\"> <\/div>    <\/h1>\r\n    \r\n                    <div class=\"row gutters-30 gutters-grid align-items-center pt-30 empty-none justify-content-center\">        <div class=\"cms-btn-wraps col-auto text-start\" >\r\n                <a href=\"https:\/\/innowatt22.com\/en\/ajanlat\/\" class=\"btn btn-fill btn-accent text-white btn-hover-fill btn-hover-white text-hover-primary btn-lg w-mobile-auto w-extra-mobile-auto w-tablet-auto w-tablet-extra-100 w-laptop-100 w-widescreen-auto cms-animate elementor-invisible\" data-settings='{\"_animation\":\"fadeInLeft\",\"animation\":\"fadeInLeft\",\"animation_delay\":300}'>\r\n                <span class=\"cms-btn-content justify-content-center\">\r\n                    <span class=\"cms-icon-wrap cms-btn-icon order-last icon-outline-no text-10 rtl-flip d-inline-block\"  title=\"Request a quote!\"><span aria-hidden=\"true\" class=\"cms-icon cmsi cmsi-arrow-long-right\" title=\"Request a quote!\"><\/span><\/span>                    <span class=\"cms-btn-text text-center\">Request a quote!<\/span>\r\n                                    <\/span>\r\n            <\/a>\r\n                <\/div>\r\n            <div class=\"cms-btn-wraps col-auto text-start\" >\r\n                <a href=\"https:\/\/innowatt22.com\/en\/folyamat\/\" class=\"btn btn-fill btn-white text-primary btn-hover-fill btn-hover-accent text-hover-white btn-lg w-mobile-auto w-extra-mobile-auto w-tablet-auto w-tablet-extra-100 w-laptop-100 w-widescreen-auto btn-no-icon cms-animate elementor-invisible\" data-settings='{\"_animation\":\"fadeInRight\",\"animation\":\"fadeInRight\",\"animation_delay\":300}'>\r\n                <span class=\"cms-btn-content justify-content-center\">\r\n                                        <span class=\"cms-btn-text text-center\">Ordering process<\/span>\r\n                                    <\/span>\r\n            <\/a>\r\n                <\/div>\r\n    <\/div>\r\n                <\/div>\r\n            <\/div>\r\n        <\/div>\r\n    <\/div>\r\n    <div class=\"extra-space-bottom pt-60 pt-tablet-90 pt-desktop-140\"><\/div>\r\n    <div class=\"cms-pagetitle-breadcrumb p-tb-20 relative\"><div class=\"container\"><div class=\"cms-breadcrumb justify-content-center text-14\"><div class=\"breadcrumb-item d-flex align-items-center\"><span class=\"breadcrumb-text text-body\" >Home<\/span><span class=\"breadcrumb-divider text-body cmsi-chevron-right rtl-flip\"><\/span><\/div><\/div><\/div><\/div>    <\/div>\t\t\t\t<\/div>\n\t\t\t\t<\/div>\n\t\t\t\t<\/div>\n\t\t\t\t<\/div>\n\t\t<div class=\"elementor-element elementor-element-e163d8d p-tb-40 pt-tablet-110 pb-tablet-90 e-flex e-con-boxed e-con e-parent\" data-id=\"e163d8d\" data-element_type=\"container\">\n\t\t\t\t\t<div class=\"e-con-inner\">\n\t\t<div class=\"elementor-element elementor-element-4ca3250 pr-desktop-110 e-con-full e-flex e-con e-child\" data-id=\"4ca3250\" data-element_type=\"container\">\n\t\t<div class=\"elementor-element elementor-element-298e590 e-flex e-con-boxed e-con e-child\" data-id=\"298e590\" data-element_type=\"container\" data-settings=\"{&quot;background_background&quot;:&quot;classic&quot;}\">\n\t\t\t\t\t<div class=\"e-con-inner\">\n\t\t\t\t<div class=\"elementor-element elementor-element-5806e2f elementor-widget elementor-widget-gallery\" data-id=\"5806e2f\" data-element_type=\"widget\" data-settings=\"{&quot;gallery_layout&quot;:&quot;justified&quot;,&quot;lazyload&quot;:&quot;yes&quot;,&quot;ideal_row_height&quot;:{&quot;unit&quot;:&quot;px&quot;,&quot;size&quot;:200,&quot;sizes&quot;:[]},&quot;ideal_row_height_tablet_extra&quot;:{&quot;unit&quot;:&quot;px&quot;,&quot;size&quot;:150,&quot;sizes&quot;:[]},&quot;ideal_row_height_tablet&quot;:{&quot;unit&quot;:&quot;px&quot;,&quot;size&quot;:150,&quot;sizes&quot;:[]},&quot;ideal_row_height_mobile&quot;:{&quot;unit&quot;:&quot;px&quot;,&quot;size&quot;:150,&quot;sizes&quot;:[]},&quot;gap&quot;:{&quot;unit&quot;:&quot;px&quot;,&quot;size&quot;:10,&quot;sizes&quot;:[]},&quot;gap_tablet_extra&quot;:{&quot;unit&quot;:&quot;px&quot;,&quot;size&quot;:10,&quot;sizes&quot;:[]},&quot;gap_tablet&quot;:{&quot;unit&quot;:&quot;px&quot;,&quot;size&quot;:10,&quot;sizes&quot;:[]},&quot;gap_mobile&quot;:{&quot;unit&quot;:&quot;px&quot;,&quot;size&quot;:10,&quot;sizes&quot;:[]},&quot;link_to&quot;:&quot;file&quot;,&quot;overlay_background&quot;:&quot;yes&quot;,&quot;content_hover_animation&quot;:&quot;fade-in&quot;}\" data-widget_type=\"gallery.default\">\n\t\t\t\t<div class=\"elementor-widget-container\">\n\t\t\t\t\t\t\t<div class=\"elementor-gallery__container\">\n\t\t\t\t\t\t\t<a class=\"e-gallery-item elementor-gallery-item elementor-animated-content\" href=\"https:\/\/innowatt22.com\/wp-content\/uploads\/2023\/08\/innowat_futomodul_001.webp\" data-elementor-open-lightbox=\"yes\" data-elementor-lightbox-slideshow=\"5806e2f\" data-elementor-lightbox-title=\"Innowatt f\u0171t\u0151modul\" data-elementor-lightbox-description=\"Innowatt f\u0171t\u0151modul\" data-e-action-hash=\"#elementor-action%3Aaction%3Dlightbox%26settings%3DeyJpZCI6NTUxNiwidXJsIjoiaHR0cHM6XC9cL2lubm93YXR0MjIuY29tXC93cC1jb250ZW50XC91cGxvYWRzXC8yMDIzXC8wOFwvaW5ub3dhdF9mdXRvbW9kdWxfMDAxLndlYnAiLCJzbGlkZXNob3ciOiI1ODA2ZTJmIn0%3D\">\n\t\t\t\t\t<div class=\"e-gallery-image elementor-gallery-item__image\" data-thumbnail=\"https:\/\/innowatt22.com\/wp-content\/uploads\/2023\/08\/innowat_futomodul_001-570x570.webp\" data-width=\"570\" data-height=\"570\" aria-label=\"Innowatt f\u0171t\u0151modul\" role=\"img\" ><\/div>\n\t\t\t\t\t\t\t\t\t\t\t<div class=\"elementor-gallery-item__overlay\"><\/div>\n\t\t\t\t\t\t\t\t\t\t\t\t\t\t<\/a>\n\t\t\t\t\t\t\t<a class=\"e-gallery-item elementor-gallery-item elementor-animated-content\" href=\"https:\/\/innowatt22.com\/wp-content\/uploads\/2023\/08\/innowat_futomodul_007.webp\" data-elementor-open-lightbox=\"yes\" data-elementor-lightbox-slideshow=\"5806e2f\" data-elementor-lightbox-title=\"Innowatt f\u0171t\u0151modul\" data-elementor-lightbox-description=\"Innowatt f\u0171t\u0151modul\" data-e-action-hash=\"#elementor-action%3Aaction%3Dlightbox%26settings%3DeyJpZCI6NTUyMiwidXJsIjoiaHR0cHM6XC9cL2lubm93YXR0MjIuY29tXC93cC1jb250ZW50XC91cGxvYWRzXC8yMDIzXC8wOFwvaW5ub3dhdF9mdXRvbW9kdWxfMDA3LndlYnAiLCJzbGlkZXNob3ciOiI1ODA2ZTJmIn0%3D\">\n\t\t\t\t\t<div class=\"e-gallery-image elementor-gallery-item__image\" data-thumbnail=\"https:\/\/innowatt22.com\/wp-content\/uploads\/2023\/08\/innowat_futomodul_007-570x570.webp\" data-width=\"570\" data-height=\"570\" aria-label=\"Innowatt f\u0171t\u0151modul\" role=\"img\" ><\/div>\n\t\t\t\t\t\t\t\t\t\t\t<div class=\"elementor-gallery-item__overlay\"><\/div>\n\t\t\t\t\t\t\t\t\t\t\t\t\t\t<\/a>\n\t\t\t\t\t\t\t<a class=\"e-gallery-item elementor-gallery-item elementor-animated-content\" href=\"https:\/\/innowatt22.com\/wp-content\/uploads\/2023\/08\/innowat_futomodul_008.webp\" data-elementor-open-lightbox=\"yes\" data-elementor-lightbox-slideshow=\"5806e2f\" data-elementor-lightbox-title=\"Innowatt f\u0171t\u0151modul\" data-elementor-lightbox-description=\"Innowatt f\u0171t\u0151modul\" data-e-action-hash=\"#elementor-action%3Aaction%3Dlightbox%26settings%3DeyJpZCI6NTUyMSwidXJsIjoiaHR0cHM6XC9cL2lubm93YXR0MjIuY29tXC93cC1jb250ZW50XC91cGxvYWRzXC8yMDIzXC8wOFwvaW5ub3dhdF9mdXRvbW9kdWxfMDA4LndlYnAiLCJzbGlkZXNob3ciOiI1ODA2ZTJmIn0%3D\">\n\t\t\t\t\t<div class=\"e-gallery-image elementor-gallery-item__image\" data-thumbnail=\"https:\/\/innowatt22.com\/wp-content\/uploads\/2023\/08\/innowat_futomodul_008-570x570.webp\" data-width=\"570\" data-height=\"570\" aria-label=\"Innowatt f\u0171t\u0151modul\" role=\"img\" ><\/div>\n\t\t\t\t\t\t\t\t\t\t\t<div class=\"elementor-gallery-item__overlay\"><\/div>\n\t\t\t\t\t\t\t\t\t\t\t\t\t\t<\/a>\n\t\t\t\t\t\t\t<a class=\"e-gallery-item elementor-gallery-item elementor-animated-content\" href=\"https:\/\/innowatt22.com\/wp-content\/uploads\/2023\/08\/innowat_futomodul_010.webp\" data-elementor-open-lightbox=\"yes\" data-elementor-lightbox-slideshow=\"5806e2f\" data-elementor-lightbox-title=\"Innowatt f\u0171t\u0151modul\" data-elementor-lightbox-description=\"Innowatt f\u0171t\u0151modul\" data-e-action-hash=\"#elementor-action%3Aaction%3Dlightbox%26settings%3DeyJpZCI6NTUyMywidXJsIjoiaHR0cHM6XC9cL2lubm93YXR0MjIuY29tXC93cC1jb250ZW50XC91cGxvYWRzXC8yMDIzXC8wOFwvaW5ub3dhdF9mdXRvbW9kdWxfMDEwLndlYnAiLCJzbGlkZXNob3ciOiI1ODA2ZTJmIn0%3D\">\n\t\t\t\t\t<div class=\"e-gallery-image elementor-gallery-item__image\" data-thumbnail=\"https:\/\/innowatt22.com\/wp-content\/uploads\/2023\/08\/innowat_futomodul_010-570x570.webp\" data-width=\"570\" data-height=\"570\" aria-label=\"Innowatt f\u0171t\u0151modul\" role=\"img\" ><\/div>\n\t\t\t\t\t\t\t\t\t\t\t<div class=\"elementor-gallery-item__overlay\"><\/div>\n\t\t\t\t\t\t\t\t\t\t\t\t\t\t<\/a>\n\t\t\t\t\t\t\t<a class=\"e-gallery-item elementor-gallery-item elementor-animated-content\" href=\"https:\/\/innowatt22.com\/wp-content\/uploads\/2023\/08\/innowat_futomodul_012.webp\" data-elementor-open-lightbox=\"yes\" data-elementor-lightbox-slideshow=\"5806e2f\" data-elementor-lightbox-title=\"Innowatt f\u0171t\u0151modul\" data-elementor-lightbox-description=\"Innowatt f\u0171t\u0151modul\" data-e-action-hash=\"#elementor-action%3Aaction%3Dlightbox%26settings%3DeyJpZCI6NTUyNiwidXJsIjoiaHR0cHM6XC9cL2lubm93YXR0MjIuY29tXC93cC1jb250ZW50XC91cGxvYWRzXC8yMDIzXC8wOFwvaW5ub3dhdF9mdXRvbW9kdWxfMDEyLndlYnAiLCJzbGlkZXNob3ciOiI1ODA2ZTJmIn0%3D\">\n\t\t\t\t\t<div class=\"e-gallery-image elementor-gallery-item__image\" data-thumbnail=\"https:\/\/innowatt22.com\/wp-content\/uploads\/2023\/08\/innowat_futomodul_012-570x570.webp\" data-width=\"570\" data-height=\"570\" aria-label=\"Innowatt f\u0171t\u0151modul\" role=\"img\" ><\/div>\n\t\t\t\t\t\t\t\t\t\t\t<div class=\"elementor-gallery-item__overlay\"><\/div>\n\t\t\t\t\t\t\t\t\t\t\t\t\t\t<\/a>\n\t\t\t\t\t<\/div>\n\t\t\t\t\t<\/div>\n\t\t\t\t<\/div>\n\t\t<div class=\"elementor-element elementor-element-1ed16a5 e-con-full e-flex e-con e-child\" data-id=\"1ed16a5\" data-element_type=\"container\" data-settings=\"{&quot;background_background&quot;:&quot;video&quot;,&quot;background_video_link&quot;:&quot;https:\\\/\\\/youtu.be\\\/YYUQA8esczk&quot;,&quot;background_play_on_mobile&quot;:&quot;yes&quot;}\">\n\t\t<div class=\"elementor-background-video-container\">\n\t\t\t\t\t\t\t<div class=\"elementor-background-video-embed\"><\/div>\n\t\t\t\t\t\t<\/div><div class=\"elementor-element elementor-element-3f9b75b e-con-full e-flex e-con e-child\" data-id=\"3f9b75b\" data-element_type=\"container\">\n\t\t\t\t<div class=\"elementor-element elementor-element-0c2d888 elementor-align-center elementor-widget elementor-widget-button\" data-id=\"0c2d888\" data-element_type=\"widget\" data-widget_type=\"button.default\">\n\t\t\t\t<div class=\"elementor-widget-container\">\n\t\t\t\t\t\t\t\t\t<div class=\"elementor-button-wrapper\">\n\t\t\t\t\t<a class=\"elementor-button elementor-button-link elementor-size-lg elementor-animation-shrink\" href=\"#galeria\">\n\t\t\t\t\t\t<span class=\"elementor-button-content-wrapper\">\n\t\t\t\t\t\t\t\t\t<span class=\"elementor-button-text\">MORE PHOTOS<\/span>\n\t\t\t\t\t<\/span>\n\t\t\t\t\t<\/a>\n\t\t\t\t<\/div>\n\t\t\t\t\t\t\t\t<\/div>\n\t\t\t\t<\/div>\n\t\t\t\t<\/div>\n\t\t\t\t<\/div>\n\t\t\t\t\t<\/div>\n\t\t\t\t<\/div>\n\t\t\t\t<\/div>\n\t\t\t\t\t<\/div>\n\t\t\t\t<\/div>\n\t\t\t\t<\/div>","protected":false},"excerpt":{"rendered":"<p>Gal\u00e9ria AJ\u00c1NLATOT K\u00c9REK RENDEL\u00c9SI FOLYAMAT Home M\u00c9GT\u00d6BB K\u00c9P<\/p>","protected":false},"author":1,"featured_media":0,"parent":0,"menu_order":5,"comment_status":"closed","ping_status":"closed","template":"","meta":{"footnotes":""},"class_list":["post-132","page","type-page","status-publish","hentry","cms-no-post-thumbnail"],"aioseo_notices":[],"_links":{"self":[{"href":"https:\/\/innowatt22.com\/en\/wp-json\/wp\/v2\/pages\/132","targetHints":{"allow":["GET"]}}],"collection":[{"href":"https:\/\/innowatt22.com\/en\/wp-json\/wp\/v2\/pages"}],"about":[{"href":"https:\/\/innowatt22.com\/en\/wp-json\/wp\/v2\/types\/page"}],"author":[{"embeddable":true,"href":"https:\/\/innowatt22.com\/en\/wp-json\/wp\/v2\/users\/1"}],"replies":[{"embeddable":true,"href":"https:\/\/innowatt22.com\/en\/wp-json\/wp\/v2\/comments?post=132"}],"version-history":[{"count":145,"href":"https:\/\/innowatt22.com\/en\/wp-json\/wp\/v2\/pages\/132\/revisions"}],"predecessor-version":[{"id":5659,"href":"https:\/\/innowatt22.com\/en\/wp-json\/wp\/v2\/pages\/132\/revisions\/5659"}],"wp:attachment":[{"href":"https:\/\/innowatt22.com\/en\/wp-json\/wp\/v2\/media?parent=132"}],"curies":[{"name":"wp","href":"https:\/\/api.w.org\/{rel}","templated":true}]}}