{"id":158,"date":"2022-09-29T14:56:30","date_gmt":"2022-09-29T13:56:30","guid":{"rendered":"http:\/\/7oroof.com\/tfdemos\/evway\/?page_id=158"},"modified":"2023-08-07T20:38:46","modified_gmt":"2023-08-07T19:38:46","slug":"gyik","status":"publish","type":"page","link":"https:\/\/innowatt22.com\/de\/gyik\/","title":{"rendered":"FAQ"},"content":{"rendered":"<div data-elementor-type=\"wp-page\" data-elementor-id=\"158\" class=\"elementor elementor-158\" data-elementor-post-type=\"page\">\n\t\t\t\t        <div class=\"elementor-section elementor-top-section elementor-element elementor-element-bca9f18 elementor-section-boxed elementor-section-height-default elementor-section-height-default cms-remove-container-max-width-no cms-boxed-bg-false cms-overlay-gradient-mode-bt cms-overlay-gradient-bg-yes\" data-id=\"bca9f18\" data-element_type=\"section\">\n\t\t\n\t\t<div class=\"cms-overlay-gradient\"><\/div><div class=\"cms-section-boxed-bg\"><\/div>        <div class=\"elementor-container elementor-column-gap-default\" >\n\t\t            <div class=\"elementor-row\">\n\t\t        <div class=\"elementor-column elementor-col-100 elementor-top-column elementor-element elementor-element-4973e5e\" data-id=\"4973e5e\" data-element_type=\"column\">\n        <div class=\"elementor-column-wrap elementor-element-populated\">\n                            <div class=\"elementor-widget-wrap\">\n                \t\t<div class=\"elementor-element elementor-element-81df11c cms-accordions cms-accordion-layout-1 elementor-widget elementor-widget-cms_accordion\" data-id=\"81df11c\" data-element_type=\"widget\" data-widget_type=\"cms_accordion.default\">\n\t\t\t\t<div class=\"elementor-widget-container\">\n\t\t\t\t\t<div class=\"cms-accordion-buttons row gutters-30 gutters-grid align-items-center empty-none pb-50 pb-tablet-110\"><\/div>\r\n<div id=\"cms_accordion-81df11c\" class=\"cms-accordion bdr-t-accent\" data-icon-open=\"cmsi-chevron-down\" data-icon-close=\"cmsi-chevron-right\" data-icon-open-color=\"text-white\" data-icon-close-color=\"text-white\" data-title-color=\"primary\" data-title-hover-color=\"accent\">\r\n            <div class=\"cms-accordion-item bdr-b-border active\" data-target=\"#c9a19f5\">\r\n            <div class=\"cms-ac-title row gutters-20 justify-content-between align-items-center text-hover-accent cms-transition text-accent\">\r\n                <div class=\"cms-ac-title-icon col-auto order-first\">\r\n                    <span class=\"cms-ac-title--icon rtl-flip cmsi-chevron-down text-white bg-accent active\"><\/span>\r\n                <\/div>\r\n                <div class=\"cms-ac-title-text col text-19 font-700\">Wie hoch wird meine Stromrechnung sein? Und um wie viel wird meine Gasrechnung sinken?<\/div>\r\n            <\/div>\r\n            <div id=\"c9a19f5\" class=\"cms-ac-content mb-n3 pl-40 pr-20 pt-15 text-primary text-hover-body\" style=\"display:block;\">Es w\u00e4re schwierig, eine genaue Zahl zu nennen, da diese stark vom pers\u00f6nlichen Konsumbedarf abh\u00e4ngt. Wenn Sie die j\u00e4hrliche Gasverbrauchsquote \u00fcberschreiten, ist der zu zahlende Betrag bei einem Elektrokessel geringer als bei einem Gaskessel. Wer \u00fcber Solaranlagen verf\u00fcgt, kann seine \u00dcberproduktion mit unserem Heizkessel nutzen, hingegen mit Gaskesseln.<br \/>\n<\/br>Unser Heizmodul ist im Durchschnitt 20\u201330 % effizienter als andere Elektrokessel. Konkret hei\u00dft das: Ben\u00f6tigt ein Geb\u00e4ude beispielsweise einen 12 kW Elektrokessel, dann reichen die 8 kW unseres Heizmoduls aus.  <br \/>\n<\/div>\r\n        <\/div>\r\n            <div class=\"cms-accordion-item bdr-b-border\" data-target=\"#9bbf9da\">\r\n            <div class=\"cms-ac-title row gutters-20 justify-content-between align-items-center text-hover-accent cms-transition text-primary\">\r\n                <div class=\"cms-ac-title-icon col-auto order-first\">\r\n                    <span class=\"cms-ac-title--icon rtl-flip cmsi-chevron-right text-white bg-primary\"><\/span>\r\n                <\/div>\r\n                <div class=\"cms-ac-title-text col text-19 font-700\">Es ist nicht einmal so gro\u00df wie ein Schuhkarton... Funktioniert es wirklich?<\/div>\r\n            <\/div>\r\n            <div id=\"9bbf9da\" class=\"cms-ac-content mb-n3 pl-40 pr-20 pt-15 text-primary text-hover-body\">Ja, es funktioniert wirklich. Wenn Sie es in Aktion sehen m\u00f6chten, kommen Sie in unseren Ausstellungsraum. Unsere Kollegen zeigen Ihnen, wie das System funktioniert, beantworten alle Ihre Fragen und Ihre Zweifel werden verschwinden.<\/div>\r\n        <\/div>\r\n            <div class=\"cms-accordion-item bdr-b-border\" data-target=\"#5831189\">\r\n            <div class=\"cms-ac-title row gutters-20 justify-content-between align-items-center text-hover-accent cms-transition text-primary\">\r\n                <div class=\"cms-ac-title-icon col-auto order-first\">\r\n                    <span class=\"cms-ac-title--icon rtl-flip cmsi-chevron-right text-white bg-primary\"><\/span>\r\n                <\/div>\r\n                <div class=\"cms-ac-title-text col text-19 font-700\">10 Jahre Garantie, 25 Jahre Betriebszeit?<\/div>\r\n            <\/div>\r\n            <div id=\"5831189\" class=\"cms-ac-content mb-n3 pl-40 pr-20 pt-15 text-primary text-hover-body\">Ja, wenn der Ausfall nicht durch Fremdeinwirkung verursacht wurde, \u00fcbernimmt der Hersteller die 10-j\u00e4hrige Garantie.<\/div>\r\n        <\/div>\r\n            <div class=\"cms-accordion-item bdr-b-border\" data-target=\"#1f89460\">\r\n            <div class=\"cms-ac-title row gutters-20 justify-content-between align-items-center text-hover-accent cms-transition text-primary\">\r\n                <div class=\"cms-ac-title-icon col-auto order-first\">\r\n                    <span class=\"cms-ac-title--icon rtl-flip cmsi-chevron-right text-white bg-primary\"><\/span>\r\n                <\/div>\r\n                <div class=\"cms-ac-title-text col text-19 font-700\">Etwas ist schief gelaufen. Wie kann ich um Hilfe bitten?<\/div>\r\n            <\/div>\r\n            <div id=\"1f89460\" class=\"cms-ac-content mb-n3 pl-40 pr-20 pt-15 text-primary text-hover-body\">Die Kontaktdaten finden Sie auf dem Garantiebrief, den Sie von uns erhalten haben. Rufen Sie uns gerne an, wir stehen Ihnen gerne zur Verf\u00fcgung!<\/div>\r\n        <\/div>\r\n    <\/div>\t\t\t\t<\/div>\n\t\t\t\t<\/div>\n\t\t            <\/div>\n                <\/div>\n        <\/div>\n        \t\t            <\/div>\n\t\t        <\/div>\n        <\/div>\n\t\t\t\t<\/div>","protected":false},"excerpt":{"rendered":"<p>Mennyi lesz a villanysz\u00e1ml\u00e1m? \u00c9s mennyivel cs\u00f6kken a g\u00e1zsz\u00e1ml\u00e1m? Pontos adatot neh\u00e9z lenne mondani, ugyanis ez a szem\u00e9lyes fogyaszt\u00e1si ig\u00e9nyt\u0151l is nagyban f\u00fcgg, valamint az \u00e9p\u00fclet, ingatlan h\u0151vesztes\u00e9g\u00e9t\u0151l. Egy \u00e9p\u00fclet \u00e9ves g\u00e1zfogyaszt\u00e1sa alapj\u00e1n ki tudjuk sz\u00e1molni, hogy h\u00e1ny kW villamos teljes\u00edtm\u00e9nyt kell bejuttatnunk, ebben az esetben f\u0171t\u0151modulunkkal nem lesz t\u00f6bb a fizetend\u0151 \u00f6sszeg mint a g\u00e1zkaz\u00e1nokkal. A napelemmel rendelkez\u0151k a t\u00f6bblettermel\u00e9s\u00fcket a mi kaz\u00e1nunkkal fel tudj\u00e1k haszn\u00e1lni ellenben a g\u00e1zkaz\u00e1nokkal. F\u0171t\u0151modulunk \u00e1tlagosan 20-30%-al hat\u00e9konyabb mint a t\u00f6bbi elektromos kaz\u00e1n. Ez a val\u00f3s\u00e1gban azt jelenti, hogy ha egy \u00e9p\u00fclet f\u0171t\u00e9s\u00e9hez sz\u00fcks\u00e9g van egy pl. 12 kW os elektromos kaz\u00e1nra, akkor a mi f\u0171t\u0151modulunkb\u00f3l el\u00e9g a pl 8 kW-os verzi\u00f3. M\u00e9g akkora sincs mint egy cip\u0151sdoboz&#8230; T\u00e9nyleg m\u0171k\u00f6dik? Igen, t\u00e9nyleg m\u0171k\u00f6dik. Amennyiben szeretn\u00e9 megtekinteni , l\u00e1tni m\u0171k\u00f6d\u00e9s k\u00f6zben, j\u00f6jj\u00f6n el a bemutat\u00f3term\u00fcnkbe, a koll\u00e9g\u00e1ink bemutatj\u00e1k \u00d6nnek a rendszer m\u0171k\u00f6d\u00e9s\u00e9t, minden k\u00e9rd\u00e9s\u00e9re v\u00e1laszolnak \u00e9s a k\u00e9ts\u00e9gei elp\u00e1rolognak. 10 \u00e9v garancia, 25 \u00e9v szavatoss\u00e1g? Igen, amennyiben nem k\u00fcls\u0151 beavatkoz\u00e1s miatt t\u00f6rt\u00e9nt a meghib\u00e1sod\u00e1s, a gy\u00e1rt\u00f3 v\u00e1llalja a 10 \u00e9v garanci\u00e1t. A term\u00e9k \u00fczemideje 25 \u00e9v, mely id\u0151 alatt v\u00e1ltozatlan hat\u00e9konys\u00e1ggal k\u00e9pes \u00fczemelni. T\u00f6nkre ment valami. Hogyan k\u00e9rhetek seg\u00edts\u00e9get? A t\u0151l\u00fcnk kapott garancialev\u00e9len megtal\u00e1lhat\u00f3 a kapcsolattart\u00f3k el\u00e9rhet\u0151s\u00e9ge, h\u00edvjon minket b\u00e1tran, \u00e1llunk rendelkez\u00e9s\u00e9re!<\/p>","protected":false},"author":1,"featured_media":0,"parent":0,"menu_order":19,"comment_status":"closed","ping_status":"closed","template":"","meta":{"footnotes":""},"class_list":["post-158","page","type-page","status-publish","hentry","cms-no-post-thumbnail"],"aioseo_notices":[],"_links":{"self":[{"href":"https:\/\/innowatt22.com\/de\/wp-json\/wp\/v2\/pages\/158","targetHints":{"allow":["GET"]}}],"collection":[{"href":"https:\/\/innowatt22.com\/de\/wp-json\/wp\/v2\/pages"}],"about":[{"href":"https:\/\/innowatt22.com\/de\/wp-json\/wp\/v2\/types\/page"}],"author":[{"embeddable":true,"href":"https:\/\/innowatt22.com\/de\/wp-json\/wp\/v2\/users\/1"}],"replies":[{"embeddable":true,"href":"https:\/\/innowatt22.com\/de\/wp-json\/wp\/v2\/comments?post=158"}],"version-history":[{"count":3,"href":"https:\/\/innowatt22.com\/de\/wp-json\/wp\/v2\/pages\/158\/revisions"}],"predecessor-version":[{"id":5502,"href":"https:\/\/innowatt22.com\/de\/wp-json\/wp\/v2\/pages\/158\/revisions\/5502"}],"wp:attachment":[{"href":"https:\/\/innowatt22.com\/de\/wp-json\/wp\/v2\/media?parent=158"}],"curies":[{"name":"wp","href":"https:\/\/api.w.org\/{rel}","templated":true}]}}